{"id":56419,"date":"2020-05-20T10:37:22","date_gmt":"2020-05-20T09:37:22","guid":{"rendered":"https:\/\/englishlane.net\/onlineskola\/?page_id=56419"},"modified":"2020-09-18T12:47:29","modified_gmt":"2020-09-18T11:47:29","slug":"podkast-list","status":"publish","type":"page","link":"https:\/\/englishlane.net\/onlineskola\/podkast-list\/","title":{"rendered":"Podcast epizode"},"content":{"rendered":"<p>[et_pb_section fb_built=&#8221;1&#8243; admin_label=&#8221;Header&#8221; _builder_version=&#8221;3.22.7&#8243; background_color=&#8221;#2690AE&#8221; background_position=&#8221;center_left&#8221; custom_padding=&#8221;0px||0px||true|false&#8221; locked=&#8221;off&#8221; background_color_gradient_start__hover=&#8221;#2b87da&#8221; background_color_gradient_start__hover_enabled=&#8221;#2b87da&#8221; background_color_gradient_end__hover=&#8221;#29c4a9&#8243; background_color_gradient_end__hover_enabled=&#8221;#29c4a9&#8243; use_background_color_gradient__hover=&#8221;off&#8221; use_background_color_gradient__hover_enabled=&#8221;off&#8221; background_color_gradient_type__hover=&#8221;linear&#8221; background_color_gradient_type__hover_enabled=&#8221;linear&#8221; background_color_gradient_direction__hover=&#8221;180deg&#8221; background_color_gradient_direction__hover_enabled=&#8221;180deg&#8221; background_color_gradient_direction_radial__hover=&#8221;center&#8221; background_color_gradient_direction_radial__hover_enabled=&#8221;center&#8221; background_color_gradient_start_position__hover=&#8221;0%&#8221; background_color_gradient_start_position__hover_enabled=&#8221;0%&#8221; background_color_gradient_end_position__hover=&#8221;100%&#8221; background_color_gradient_end_position__hover_enabled=&#8221;100%&#8221; background_color_gradient_overlays_image__hover=&#8221;off&#8221; background_color_gradient_overlays_image__hover_enabled=&#8221;off&#8221;][et_pb_row column_structure=&#8221;1_5,3_5,1_5&#8243; _builder_version=&#8221;3.25&#8243; custom_padding=&#8221;0|0px|0|0px|false|false&#8221; use_custom_width=&#8221;on&#8221; width_unit=&#8221;off&#8221; custom_width_px__hover=&#8221;1080px&#8221; custom_width_px__hover_enabled=&#8221;1080px&#8221; custom_width_percent__hover=&#8221;80%&#8221; custom_width_percent__hover_enabled=&#8221;80%&#8221; gutter_width__hover=&#8221;3&#8243; gutter_width__hover_enabled=&#8221;3&#8243; parallax_1__hover=&#8221;off&#8221; parallax_1__hover_enabled=&#8221;off&#8221; parallax_2__hover=&#8221;off&#8221; parallax_2__hover_enabled=&#8221;off&#8221; parallax_3__hover=&#8221;off&#8221; parallax_3__hover_enabled=&#8221;off&#8221; parallax_4__hover=&#8221;off&#8221; parallax_4__hover_enabled=&#8221;off&#8221; parallax_5__hover=&#8221;off&#8221; parallax_5__hover_enabled=&#8221;off&#8221; parallax_6__hover=&#8221;off&#8221; parallax_6__hover_enabled=&#8221;off&#8221; parallax_method_1__hover=&#8221;on&#8221; parallax_method_1__hover_enabled=&#8221;on&#8221; parallax_method_2__hover=&#8221;on&#8221; parallax_method_2__hover_enabled=&#8221;on&#8221; parallax_method_3__hover=&#8221;on&#8221; parallax_method_3__hover_enabled=&#8221;on&#8221; parallax_method_4__hover=&#8221;on&#8221; parallax_method_4__hover_enabled=&#8221;on&#8221; parallax_method_5__hover=&#8221;on&#8221; parallax_method_5__hover_enabled=&#8221;on&#8221; parallax_method_6__hover=&#8221;on&#8221; parallax_method_6__hover_enabled=&#8221;on&#8221; use_background_color_gradient__hover=&#8221;off&#8221; use_background_color_gradient__hover_enabled=&#8221;off&#8221; background_color_gradient_start__hover=&#8221;#2b87da&#8221; background_color_gradient_start__hover_enabled=&#8221;#2b87da&#8221; background_color_gradient_end__hover=&#8221;#29c4a9&#8243; background_color_gradient_end__hover_enabled=&#8221;#29c4a9&#8243; background_color_gradient_type__hover=&#8221;linear&#8221; background_color_gradient_type__hover_enabled=&#8221;linear&#8221; background_color_gradient_direction__hover=&#8221;180deg&#8221; background_color_gradient_direction__hover_enabled=&#8221;180deg&#8221; background_color_gradient_direction_radial__hover=&#8221;center&#8221; background_color_gradient_direction_radial__hover_enabled=&#8221;center&#8221; background_color_gradient_start_position__hover=&#8221;0%&#8221; background_color_gradient_start_position__hover_enabled=&#8221;0%&#8221; background_color_gradient_end_position__hover=&#8221;100%&#8221; background_color_gradient_end_position__hover_enabled=&#8221;100%&#8221; background_color_gradient_overlays_image__hover=&#8221;off&#8221; background_color_gradient_overlays_image__hover_enabled=&#8221;off&#8221; parallax__hover=&#8221;off&#8221; parallax__hover_enabled=&#8221;off&#8221; parallax_method__hover=&#8221;on&#8221; parallax_method__hover_enabled=&#8221;on&#8221; background_size__hover=&#8221;cover&#8221; background_size__hover_enabled=&#8221;cover&#8221; background_position__hover=&#8221;center&#8221; background_position__hover_enabled=&#8221;center&#8221; background_repeat__hover=&#8221;no-repeat&#8221; background_repeat__hover_enabled=&#8221;no-repeat&#8221; background_blend__hover=&#8221;normal&#8221; background_blend__hover_enabled=&#8221;normal&#8221; allow_player_pause__hover=&#8221;off&#8221; allow_player_pause__hover_enabled=&#8221;off&#8221; background_video_pause_outside_viewport__hover=&#8221;on&#8221; background_video_pause_outside_viewport__hover_enabled=&#8221;on&#8221; make_fullwidth__hover=&#8221;off&#8221; make_fullwidth__hover_enabled=&#8221;off&#8221; use_custom_width__hover=&#8221;off&#8221; use_custom_width__hover_enabled=&#8221;off&#8221; width_unit__hover=&#8221;on&#8221; width_unit__hover_enabled=&#8221;on&#8221; use_custom_gutter__hover=&#8221;off&#8221; use_custom_gutter__hover_enabled=&#8221;off&#8221; make_equal__hover=&#8221;off&#8221; make_equal__hover_enabled=&#8221;off&#8221; border_radii__hover=&#8221;on||||&#8221; border_radii__hover_enabled=&#8221;on||||&#8221; box_shadow_style__hover=&#8221;none&#8221; box_shadow_style__hover_enabled=&#8221;none&#8221; box_shadow_color__hover=&#8221;rgba(0,0,0,0.3)&#8221; box_shadow_color__hover_enabled=&#8221;rgba(0,0,0,0.3)&#8221; filter_hue_rotate__hover=&#8221;0deg&#8221; filter_hue_rotate__hover_enabled=&#8221;0deg&#8221; filter_saturate__hover=&#8221;100%&#8221; filter_saturate__hover_enabled=&#8221;100%&#8221; filter_brightness__hover=&#8221;100%&#8221; filter_brightness__hover_enabled=&#8221;100%&#8221; filter_contrast__hover=&#8221;100%&#8221; filter_contrast__hover_enabled=&#8221;100%&#8221; filter_invert__hover=&#8221;0%&#8221; filter_invert__hover_enabled=&#8221;0%&#8221; filter_sepia__hover=&#8221;0%&#8221; filter_sepia__hover_enabled=&#8221;0%&#8221; filter_opacity__hover=&#8221;100%&#8221; filter_opacity__hover_enabled=&#8221;100%&#8221; filter_blur__hover=&#8221;0px&#8221; filter_blur__hover_enabled=&#8221;0px&#8221; mix_blend_mode__hover=&#8221;normal&#8221; mix_blend_mode__hover_enabled=&#8221;normal&#8221; animation_style__hover=&#8221;none&#8221; animation_style__hover_enabled=&#8221;none&#8221; animation_repeat__hover=&#8221;once&#8221; animation_repeat__hover_enabled=&#8221;once&#8221; animation_direction__hover=&#8221;center&#8221; animation_direction__hover_enabled=&#8221;center&#8221; animation_duration__hover=&#8221;1000ms&#8221; animation_duration__hover_enabled=&#8221;1000ms&#8221; animation_delay__hover=&#8221;0ms&#8221; animation_delay__hover_enabled=&#8221;0ms&#8221; animation_intensity_slide__hover=&#8221;50%&#8221; animation_intensity_slide__hover_enabled=&#8221;50%&#8221; animation_intensity_zoom__hover=&#8221;50%&#8221; animation_intensity_zoom__hover_enabled=&#8221;50%&#8221; animation_intensity_flip__hover=&#8221;50%&#8221; animation_intensity_flip__hover_enabled=&#8221;50%&#8221; animation_intensity_fold__hover=&#8221;50%&#8221; animation_intensity_fold__hover_enabled=&#8221;50%&#8221; animation_intensity_roll__hover=&#8221;50%&#8221; animation_intensity_roll__hover_enabled=&#8221;50%&#8221; animation_starting_opacity__hover=&#8221;0%&#8221; animation_starting_opacity__hover_enabled=&#8221;0%&#8221; animation_speed_curve__hover=&#8221;ease-in-out&#8221; animation_speed_curve__hover_enabled=&#8221;ease-in-out&#8221; hover_transition_duration__hover=&#8221;300ms&#8221; hover_transition_duration__hover_enabled=&#8221;300ms&#8221; hover_transition_delay__hover=&#8221;0ms&#8221; hover_transition_delay__hover_enabled=&#8221;0ms&#8221; hover_transition_speed_curve__hover=&#8221;ease&#8221; hover_transition_speed_curve__hover_enabled=&#8221;ease&#8221; width__hover=&#8221;80%&#8221; width__hover_enabled=&#8221;80%&#8221; max_width__hover=&#8221;80%&#8221; max_width__hover_enabled=&#8221;80%&#8221;][et_pb_column type=&#8221;1_5&#8243; _builder_version=&#8221;3.25&#8243; custom_padding=&#8221;|||&#8221; custom_padding__hover=&#8221;|||&#8221;][et_pb_image src=&#8221;https:\/\/englishlane.net\/onlineskola\/wp-content\/uploads\/2019\/05\/EngleskiOnlajn-EBookNaslovna.png&#8221; show_bottom_space=&#8221;off&#8221; align_tablet=&#8221;center&#8221; align_phone=&#8221;&#8221; align_last_edited=&#8221;on|desktop&#8221; disabled_on=&#8221;on|off|off&#8221; _builder_version=&#8221;3.23&#8243; width=&#8221;100%&#8221; custom_margin=&#8221;-16px||-30px&#8221; custom_padding=&#8221;||&#8221;][\/et_pb_image][\/et_pb_column][et_pb_column type=&#8221;3_5&#8243; _builder_version=&#8221;3.25&#8243; custom_padding=&#8221;|||&#8221; custom_padding__hover=&#8221;|||&#8221;][et_pb_text _builder_version=&#8221;3.27.4&#8243; text_font=&#8221;||||||||&#8221; text_text_color=&#8221;#ffffff&#8221; header_font=&#8221;Oswald||||||||&#8221; header_text_color=&#8221;#ffffff&#8221; custom_margin=&#8221;0px|-42px||||&#8221; custom_padding=&#8221;20px|0px||||&#8221; text_font_size_tablet=&#8221;&#8221; text_font_size_phone=&#8221;16px&#8221; text_font_size_last_edited=&#8221;on|phone&#8221; header_font_size_tablet=&#8221;&#8221; header_font_size_phone=&#8221;18px&#8221; header_font_size_last_edited=&#8221;on|phone&#8221;]<\/p>\n<h1 class=\"mti_font_element\">PREUZMI BESPLATNU E-KNJIGU O U\u010cENJU ENGLESKOG<\/h1>\n<p>Prati proverene savete za planiranje i organizaciju onlajn u\u010denja engleskog jezika.<\/p>\n<p>[\/et_pb_text][\/et_pb_column][et_pb_column type=&#8221;1_5&#8243; _builder_version=&#8221;3.25&#8243; custom_padding=&#8221;|||&#8221; custom_padding__hover=&#8221;|||&#8221;][et_pb_button button_url=&#8221;https:\/\/englishlane.net\/onlineskola\/kako-da-ucis-engleski-preko-interneta\/&#8221; button_text=&#8221;PREUZMI&#8221; button_alignment=&#8221;right&#8221; disabled_on=&#8221;off|off|off&#8221; _builder_version=&#8221;3.22.7&#8243; custom_button=&#8221;on&#8221; button_text_size=&#8221;23px&#8221; button_text_color=&#8221;#ffffff&#8221; button_bg_color=&#8221;#ffa036&#8243; button_border_width=&#8221;0px&#8221; button_border_radius=&#8221;5px&#8221; button_letter_spacing=&#8221;0px&#8221; button_font=&#8221;|700||on|||||&#8221; button_use_icon=&#8221;off&#8221; custom_margin=&#8221;25px||25px||true&#8221; custom_margin_last_edited=&#8221;off|desktop&#8221; custom_padding=&#8221;|||&#8221; button_text_size_tablet=&#8221;&#8221; button_text_size_phone=&#8221;16px&#8221; button_text_size_last_edited=&#8221;on|phone&#8221;][\/et_pb_button][\/et_pb_column][\/et_pb_row][\/et_pb_section][et_pb_section fb_built=&#8221;1&#8243; _builder_version=&#8221;3.22.3&#8243; custom_padding=&#8221;25px|||||&#8221;][et_pb_row column_structure=&#8221;2_3,1_3&#8243; _builder_version=&#8221;3.25&#8243;][et_pb_column type=&#8221;2_3&#8243; _builder_version=&#8221;3.25&#8243; custom_padding=&#8221;|||&#8221; custom_padding__hover=&#8221;|||&#8221;][et_pb_blog posts_number=&#8221;20&#8243; include_categories=&#8221;48&#8243; show_more=&#8221;on&#8221; show_categories=&#8221;off&#8221; disabled_on=&#8221;off|off|off&#8221; _builder_version=&#8221;4.6.1&#8243; header_font=&#8221;||||||||&#8221; meta_font=&#8221;||||||||&#8221; custom_css_read_more=&#8221;text-transform: uppercase;||background: #2690AE;||color: #fff;||padding: 8px;||width: 130px;||font-family: open sans;||font-weight: bold;||font-style: normal;||text-align: center;||margin-top: 1rem;||border: 1px solid black;&#8221;][\/et_pb_blog][\/et_pb_column][et_pb_column type=&#8221;1_3&#8243; _builder_version=&#8221;3.25&#8243; custom_padding=&#8221;|||&#8221; custom_padding__hover=&#8221;|||&#8221;][et_pb_sidebar area=&#8221;et_pb_widget_area_1&#8243; show_border=&#8221;off&#8221; _builder_version=&#8221;3.22.7&#8243; saved_tabs=&#8221;all&#8221;][\/et_pb_sidebar][et_pb_cta title=&#8221;Priklju\u010di se \u0161koli&#8221; button_url=&#8221;https:\/\/englishlane.net\/onlineskola\/&#8221; button_text=&#8221;klikni ovde da sazna\u0161 vi\u0161e&#8221; admin_label=&#8221;Join Bass Road Element&#8221; module_id=&#8221;stickyelement&#8221; _builder_version=&#8221;3.22.7&#8243; header_font=&#8221;Oswald|||on|||||&#8221; header_text_align=&#8221;center&#8221; header_text_color=&#8221;#3c3642&#8243; header_letter_spacing=&#8221;3px&#8221; body_font=&#8221;|600|||||||&#8221; body_text_align=&#8221;center&#8221; body_text_color=&#8221;#3c3642&#8243; body_line_height=&#8221;1.9em&#8221; background_color=&#8221;#ffffff&#8221; custom_button=&#8221;on&#8221; button_text_size=&#8221;16px&#8221; button_text_color=&#8221;#ffffff&#8221; button_bg_color=&#8221;#FF7E57&#8243; button_border_radius=&#8221;0px&#8221; button_font=&#8221;|700||on|||||&#8221; button_use_icon=&#8221;off&#8221; button_alignment=&#8221;center&#8221; custom_margin=&#8221;50px||50px||true&#8221; custom_padding=&#8221;20px|20px|20px|20px|true|true&#8221; border_width_all=&#8221;4px&#8221; border_color_all=&#8221;#DDDDDD&#8221; box_shadow_style=&#8221;preset3&#8243; saved_tabs=&#8221;all&#8221; button_border_width__hover_enabled=&#8221;on&#8221; button_border_color__hover_enabled=&#8221;on&#8221; button_border_radius__hover_enabled=&#8221;on&#8221; button_letter_spacing__hover_enabled=&#8221;on&#8221;]<\/p>\n<div class=\"aligncenter\" style=\"height: 0; border-top: 2px dotted #880088; font-size: 0;\">&#8211;<\/div>\n<p style=\"text-align: left;\"><i class=\"fas fa-graduation-cap fa-2x\"><\/i>Onlajn kursevi engleskog<br \/> <i class=\"fas fa-bullseye fa-2x\"><\/i>\u00a0 Pogodnosti za \u010dlanove<br \/> <i class=\"fas fa-comments fa-2x\"><\/i> Prona\u0111i motivaciju da u\u010di\u0161<\/p>\n<p>[\/et_pb_cta][\/et_pb_column][\/et_pb_row][\/et_pb_section]<\/p>\n","protected":false},"excerpt":{"rendered":"<p>PREUZMI BESPLATNU E-KNJIGU O U\u010cENJU ENGLESKOG Prati proverene savete za planiranje i organizaciju onlajn u\u010denja engleskog jezika.- Onlajn kursevi engleskog \u00a0 Pogodnosti za \u010dlanove Prona\u0111i motivaciju da u\u010di\u0161<\/p>\n","protected":false},"author":1,"featured_media":56425,"parent":0,"menu_order":0,"comment_status":"closed","ping_status":"closed","template":"","meta":{"_et_pb_use_builder":"on","_et_pb_old_content":"","_et_gb_content_width":"","footnotes":""},"class_list":["post-56419","page","type-page","status-publish","has-post-thumbnail","hentry"],"yoast_head":"<!-- This site is optimized with the Yoast SEO plugin v27.3 - https:\/\/yoast.com\/product\/yoast-seo-wordpress\/ -->\n<title>Podcast epizode - English Lane Online \u0160kola Engleskog<\/title>\n<meta name=\"description\" content=\"Pridru\u017ei se Zorani Radovi\u0107 iz onlajn \u0161kole English Lane da \u010duje\u0161 korisne savete i zanimljive ideje o u\u010denju engleskog jezika kroz podkast epizode.\" \/>\n<meta name=\"robots\" content=\"index, follow, max-snippet:-1, max-image-preview:large, max-video-preview:-1\" \/>\n<link rel=\"canonical\" href=\"https:\/\/englishlane.net\/onlineskola\/podkast-list\/\" \/>\n<meta property=\"og:locale\" content=\"en_US\" \/>\n<meta property=\"og:type\" content=\"article\" \/>\n<meta property=\"og:title\" content=\"Podcast epizode - English Lane Online \u0160kola Engleskog\" \/>\n<meta property=\"og:description\" content=\"Pridru\u017ei se Zorani Radovi\u0107 iz onlajn \u0161kole English Lane da \u010duje\u0161 korisne savete i zanimljive ideje o u\u010denju engleskog jezika kroz podkast epizode.\" \/>\n<meta property=\"og:url\" content=\"https:\/\/englishlane.net\/onlineskola\/podkast-list\/\" \/>\n<meta property=\"og:site_name\" content=\"English Lane Online \u0160kola Engleskog\" \/>\n<meta property=\"article:modified_time\" content=\"2020-09-18T11:47:29+00:00\" \/>\n<meta property=\"og:image\" content=\"https:\/\/englishlane.net\/onlineskola\/wp-content\/uploads\/2020\/05\/el-podcast-fc-image.png\" \/>\n\t<meta property=\"og:image:width\" content=\"720\" \/>\n\t<meta property=\"og:image:height\" content=\"355\" \/>\n\t<meta property=\"og:image:type\" content=\"image\/png\" \/>\n<meta name=\"twitter:card\" content=\"summary_large_image\" \/>\n<meta name=\"twitter:label1\" content=\"Est. reading time\" \/>\n\t<meta name=\"twitter:data1\" content=\"7 minutes\" \/>\n<script type=\"application\/ld+json\" class=\"yoast-schema-graph\">{\"@context\":\"https:\\\/\\\/schema.org\",\"@graph\":[{\"@type\":\"WebPage\",\"@id\":\"https:\\\/\\\/englishlane.net\\\/onlineskola\\\/podkast-list\\\/\",\"url\":\"https:\\\/\\\/englishlane.net\\\/onlineskola\\\/podkast-list\\\/\",\"name\":\"Podcast epizode - English Lane Online \u0160kola Engleskog\",\"isPartOf\":{\"@id\":\"https:\\\/\\\/englishlane.net\\\/onlineskola\\\/#website\"},\"primaryImageOfPage\":{\"@id\":\"https:\\\/\\\/englishlane.net\\\/onlineskola\\\/podkast-list\\\/#primaryimage\"},\"image\":{\"@id\":\"https:\\\/\\\/englishlane.net\\\/onlineskola\\\/podkast-list\\\/#primaryimage\"},\"thumbnailUrl\":\"https:\\\/\\\/englishlane.net\\\/onlineskola\\\/wp-content\\\/uploads\\\/2020\\\/05\\\/el-podcast-fc-image.png\",\"datePublished\":\"2020-05-20T09:37:22+00:00\",\"dateModified\":\"2020-09-18T11:47:29+00:00\",\"description\":\"Pridru\u017ei se Zorani Radovi\u0107 iz onlajn \u0161kole English Lane da \u010duje\u0161 korisne savete i zanimljive ideje o u\u010denju engleskog jezika kroz podkast epizode.\",\"breadcrumb\":{\"@id\":\"https:\\\/\\\/englishlane.net\\\/onlineskola\\\/podkast-list\\\/#breadcrumb\"},\"inLanguage\":\"en-US\",\"potentialAction\":[{\"@type\":\"ReadAction\",\"target\":[\"https:\\\/\\\/englishlane.net\\\/onlineskola\\\/podkast-list\\\/\"]}]},{\"@type\":\"ImageObject\",\"inLanguage\":\"en-US\",\"@id\":\"https:\\\/\\\/englishlane.net\\\/onlineskola\\\/podkast-list\\\/#primaryimage\",\"url\":\"https:\\\/\\\/englishlane.net\\\/onlineskola\\\/wp-content\\\/uploads\\\/2020\\\/05\\\/el-podcast-fc-image.png\",\"contentUrl\":\"https:\\\/\\\/englishlane.net\\\/onlineskola\\\/wp-content\\\/uploads\\\/2020\\\/05\\\/el-podcast-fc-image.png\",\"width\":720,\"height\":355},{\"@type\":\"BreadcrumbList\",\"@id\":\"https:\\\/\\\/englishlane.net\\\/onlineskola\\\/podkast-list\\\/#breadcrumb\",\"itemListElement\":[{\"@type\":\"ListItem\",\"position\":1,\"name\":\"Home\",\"item\":\"https:\\\/\\\/englishlane.net\\\/onlineskola\\\/\"},{\"@type\":\"ListItem\",\"position\":2,\"name\":\"Podcast epizode\"}]},{\"@type\":\"WebSite\",\"@id\":\"https:\\\/\\\/englishlane.net\\\/onlineskola\\\/#website\",\"url\":\"https:\\\/\\\/englishlane.net\\\/onlineskola\\\/\",\"name\":\"English Lane Online \u0160kola Engleskog\",\"description\":\"\",\"publisher\":{\"@id\":\"https:\\\/\\\/englishlane.net\\\/onlineskola\\\/#organization\"},\"potentialAction\":[{\"@type\":\"SearchAction\",\"target\":{\"@type\":\"EntryPoint\",\"urlTemplate\":\"https:\\\/\\\/englishlane.net\\\/onlineskola\\\/?s={search_term_string}\"},\"query-input\":{\"@type\":\"PropertyValueSpecification\",\"valueRequired\":true,\"valueName\":\"search_term_string\"}}],\"inLanguage\":\"en-US\"},{\"@type\":\"Organization\",\"@id\":\"https:\\\/\\\/englishlane.net\\\/onlineskola\\\/#organization\",\"name\":\"English Lane \u0160kola\",\"url\":\"https:\\\/\\\/englishlane.net\\\/onlineskola\\\/\",\"logo\":{\"@type\":\"ImageObject\",\"inLanguage\":\"en-US\",\"@id\":\"https:\\\/\\\/englishlane.net\\\/onlineskola\\\/#\\\/schema\\\/logo\\\/image\\\/\",\"url\":\"https:\\\/\\\/englishlane.net\\\/onlineskola\\\/wp-content\\\/uploads\\\/2018\\\/11\\\/w-logo-el-e1542373134345.png\",\"contentUrl\":\"https:\\\/\\\/englishlane.net\\\/onlineskola\\\/wp-content\\\/uploads\\\/2018\\\/11\\\/w-logo-el-e1542373134345.png\",\"width\":360,\"height\":81,\"caption\":\"English Lane \u0160kola\"},\"image\":{\"@id\":\"https:\\\/\\\/englishlane.net\\\/onlineskola\\\/#\\\/schema\\\/logo\\\/image\\\/\"}}]}<\/script>\n<!-- \/ Yoast SEO plugin. -->","yoast_head_json":{"title":"Podcast epizode - English Lane Online \u0160kola Engleskog","description":"Pridru\u017ei se Zorani Radovi\u0107 iz onlajn \u0161kole English Lane da \u010duje\u0161 korisne savete i zanimljive ideje o u\u010denju engleskog jezika kroz podkast epizode.","robots":{"index":"index","follow":"follow","max-snippet":"max-snippet:-1","max-image-preview":"max-image-preview:large","max-video-preview":"max-video-preview:-1"},"canonical":"https:\/\/englishlane.net\/onlineskola\/podkast-list\/","og_locale":"en_US","og_type":"article","og_title":"Podcast epizode - English Lane Online \u0160kola Engleskog","og_description":"Pridru\u017ei se Zorani Radovi\u0107 iz onlajn \u0161kole English Lane da \u010duje\u0161 korisne savete i zanimljive ideje o u\u010denju engleskog jezika kroz podkast epizode.","og_url":"https:\/\/englishlane.net\/onlineskola\/podkast-list\/","og_site_name":"English Lane Online \u0160kola Engleskog","article_modified_time":"2020-09-18T11:47:29+00:00","og_image":[{"width":720,"height":355,"url":"https:\/\/englishlane.net\/onlineskola\/wp-content\/uploads\/2020\/05\/el-podcast-fc-image.png","type":"image\/png"}],"twitter_card":"summary_large_image","twitter_misc":{"Est. reading time":"7 minutes"},"schema":{"@context":"https:\/\/schema.org","@graph":[{"@type":"WebPage","@id":"https:\/\/englishlane.net\/onlineskola\/podkast-list\/","url":"https:\/\/englishlane.net\/onlineskola\/podkast-list\/","name":"Podcast epizode - English Lane Online \u0160kola Engleskog","isPartOf":{"@id":"https:\/\/englishlane.net\/onlineskola\/#website"},"primaryImageOfPage":{"@id":"https:\/\/englishlane.net\/onlineskola\/podkast-list\/#primaryimage"},"image":{"@id":"https:\/\/englishlane.net\/onlineskola\/podkast-list\/#primaryimage"},"thumbnailUrl":"https:\/\/englishlane.net\/onlineskola\/wp-content\/uploads\/2020\/05\/el-podcast-fc-image.png","datePublished":"2020-05-20T09:37:22+00:00","dateModified":"2020-09-18T11:47:29+00:00","description":"Pridru\u017ei se Zorani Radovi\u0107 iz onlajn \u0161kole English Lane da \u010duje\u0161 korisne savete i zanimljive ideje o u\u010denju engleskog jezika kroz podkast epizode.","breadcrumb":{"@id":"https:\/\/englishlane.net\/onlineskola\/podkast-list\/#breadcrumb"},"inLanguage":"en-US","potentialAction":[{"@type":"ReadAction","target":["https:\/\/englishlane.net\/onlineskola\/podkast-list\/"]}]},{"@type":"ImageObject","inLanguage":"en-US","@id":"https:\/\/englishlane.net\/onlineskola\/podkast-list\/#primaryimage","url":"https:\/\/englishlane.net\/onlineskola\/wp-content\/uploads\/2020\/05\/el-podcast-fc-image.png","contentUrl":"https:\/\/englishlane.net\/onlineskola\/wp-content\/uploads\/2020\/05\/el-podcast-fc-image.png","width":720,"height":355},{"@type":"BreadcrumbList","@id":"https:\/\/englishlane.net\/onlineskola\/podkast-list\/#breadcrumb","itemListElement":[{"@type":"ListItem","position":1,"name":"Home","item":"https:\/\/englishlane.net\/onlineskola\/"},{"@type":"ListItem","position":2,"name":"Podcast epizode"}]},{"@type":"WebSite","@id":"https:\/\/englishlane.net\/onlineskola\/#website","url":"https:\/\/englishlane.net\/onlineskola\/","name":"English Lane Online \u0160kola Engleskog","description":"","publisher":{"@id":"https:\/\/englishlane.net\/onlineskola\/#organization"},"potentialAction":[{"@type":"SearchAction","target":{"@type":"EntryPoint","urlTemplate":"https:\/\/englishlane.net\/onlineskola\/?s={search_term_string}"},"query-input":{"@type":"PropertyValueSpecification","valueRequired":true,"valueName":"search_term_string"}}],"inLanguage":"en-US"},{"@type":"Organization","@id":"https:\/\/englishlane.net\/onlineskola\/#organization","name":"English Lane \u0160kola","url":"https:\/\/englishlane.net\/onlineskola\/","logo":{"@type":"ImageObject","inLanguage":"en-US","@id":"https:\/\/englishlane.net\/onlineskola\/#\/schema\/logo\/image\/","url":"https:\/\/englishlane.net\/onlineskola\/wp-content\/uploads\/2018\/11\/w-logo-el-e1542373134345.png","contentUrl":"https:\/\/englishlane.net\/onlineskola\/wp-content\/uploads\/2018\/11\/w-logo-el-e1542373134345.png","width":360,"height":81,"caption":"English Lane \u0160kola"},"image":{"@id":"https:\/\/englishlane.net\/onlineskola\/#\/schema\/logo\/image\/"}}]}},"_links":{"self":[{"href":"https:\/\/englishlane.net\/onlineskola\/wp-json\/wp\/v2\/pages\/56419","targetHints":{"allow":["GET"]}}],"collection":[{"href":"https:\/\/englishlane.net\/onlineskola\/wp-json\/wp\/v2\/pages"}],"about":[{"href":"https:\/\/englishlane.net\/onlineskola\/wp-json\/wp\/v2\/types\/page"}],"author":[{"embeddable":true,"href":"https:\/\/englishlane.net\/onlineskola\/wp-json\/wp\/v2\/users\/1"}],"replies":[{"embeddable":true,"href":"https:\/\/englishlane.net\/onlineskola\/wp-json\/wp\/v2\/comments?post=56419"}],"version-history":[{"count":7,"href":"https:\/\/englishlane.net\/onlineskola\/wp-json\/wp\/v2\/pages\/56419\/revisions"}],"predecessor-version":[{"id":57343,"href":"https:\/\/englishlane.net\/onlineskola\/wp-json\/wp\/v2\/pages\/56419\/revisions\/57343"}],"wp:featuredmedia":[{"embeddable":true,"href":"https:\/\/englishlane.net\/onlineskola\/wp-json\/wp\/v2\/media\/56425"}],"wp:attachment":[{"href":"https:\/\/englishlane.net\/onlineskola\/wp-json\/wp\/v2\/media?parent=56419"}],"curies":[{"name":"wp","href":"https:\/\/api.w.org\/{rel}","templated":true}]}}