{"id":56614,"date":"2020-06-08T08:32:17","date_gmt":"2020-06-08T07:32:17","guid":{"rendered":"https:\/\/englishlane.net\/onlineskola\/?page_id=56614"},"modified":"2020-06-08T08:32:38","modified_gmt":"2020-06-08T07:32:38","slug":"vremena-u-engleskom-jeziku-e-knjiga","status":"publish","type":"page","link":"https:\/\/englishlane.net\/onlineskola\/vremena-u-engleskom-jeziku-e-knjiga\/","title":{"rendered":"Vremena u engleskom jeziku (E-knjiga)"},"content":{"rendered":"<p>[et_pb_section fb_built=&#8221;1&#8243; _builder_version=&#8221;3.22.7&#8243; background_color=&#8221;#2690ae&#8221; min_height=&#8221;584px&#8221; custom_margin=&#8221;|||||&#8221; custom_padding=&#8221;0px|||||&#8221;][et_pb_row _builder_version=&#8221;3.25&#8243; custom_padding=&#8221;||0px|||&#8221;][et_pb_column type=&#8221;4_4&#8243; _builder_version=&#8221;3.25&#8243; custom_padding=&#8221;|||&#8221; custom_padding__hover=&#8221;|||&#8221;][et_pb_text _builder_version=&#8221;4.4.7&#8243; header_font=&#8221;Oswald||||||||&#8221; header_text_color=&#8221;#ffffff&#8221; header_font_size=&#8221;68px&#8221; header_line_height=&#8221;1.1em&#8221; header_font_size_tablet=&#8221;50px&#8221; header_font_size_phone=&#8221;30px&#8221; header_font_size_last_edited=&#8221;on|tablet&#8221;]<\/p>\n<h1 data-css=\"tve-u-15e84cc475a\" style=\"text-align: center;\"><strong><span>Preuzmi kompletan vodi\u010d za\u00a0<\/span><span data-css=\"tve-u-16253cbf1e6\" style=\"color: #ffb25d;\">vremena u engleskom jeziku\u00a0<\/span><\/strong><\/h1>\n<p>[\/et_pb_text][et_pb_divider divider_weight=&#8221;2px&#8221; _builder_version=&#8221;3.22.7&#8243; custom_padding=&#8221;||0px|||&#8221;][\/et_pb_divider][\/et_pb_column][\/et_pb_row][et_pb_row column_structure=&#8221;2_5,3_5&#8243; _builder_version=&#8221;3.25&#8243; custom_margin=&#8221;-36px|auto|-55px|auto||&#8221;][et_pb_column type=&#8221;2_5&#8243; _builder_version=&#8221;3.25&#8243; custom_padding=&#8221;|||&#8221; custom_padding__hover=&#8221;|||&#8221;][et_pb_image src=&#8221;https:\/\/englishlane.net\/onlineskola\/wp-content\/uploads\/2020\/06\/Vremena-Ebook-Cover-Slika.png&#8221; title_text=&#8221;Vremena-Ebook-Cover-Slika&#8221; align_tablet=&#8221;center&#8221; align_phone=&#8221;&#8221; align_last_edited=&#8221;on|desktop&#8221; _builder_version=&#8221;4.4.7&#8243;][\/et_pb_image][\/et_pb_column][et_pb_column type=&#8221;3_5&#8243; _builder_version=&#8221;3.25&#8243; custom_padding=&#8221;|||&#8221; custom_padding__hover=&#8221;|||&#8221;][et_pb_text _builder_version=&#8221;4.4.7&#8243; header_2_font=&#8221;||||||||&#8221; header_2_text_color=&#8221;#ffffff&#8221; header_2_font_size=&#8221;28px&#8221; custom_margin=&#8221;0px|0px|0px|0px&#8221; custom_padding=&#8221;0px|0px|0px|0px||&#8221;]<\/p>\n<h1><\/h1>\n<h2><strong><i class=\"fas fa-check-circle\" style=\"color: #ffb25d;\"><\/i> Kako se grade vremena<\/strong><\/h2>\n<h2><strong><i class=\"fas fa-check-circle\" style=\"color: #ffb25d;\"><\/i> Kada se koriste vremena (najbitnije upotrebe)<\/strong><\/h2>\n<h2><strong><i class=\"fas fa-check-circle\" style=\"color: #ffb25d;\"><\/i> Kako se razlikuju pojedina vremena u engleskom<\/strong><\/h2>\n<h2><strong><\/strong><\/h2>\n<p>[\/et_pb_text][\/et_pb_column][\/et_pb_row][\/et_pb_section][et_pb_section fb_built=&#8221;1&#8243; _builder_version=&#8221;3.22.7&#8243; background_color=&#8221;#F5F5F5&#8243; min_height=&#8221;374px&#8221; custom_padding=&#8221;0px||0px|||&#8221;][et_pb_row _builder_version=&#8221;3.25&#8243; custom_padding=&#8221;0px|||||&#8221;][et_pb_column type=&#8221;4_4&#8243; _builder_version=&#8221;3.25&#8243; custom_padding=&#8221;|||&#8221; custom_padding__hover=&#8221;|||&#8221;][et_pb_text _builder_version=&#8221;4.4.7&#8243; custom_padding=&#8221;0px|||||&#8221;]<\/p>\n<div class='_form_63'><\/div><script type='text\/javascript' src='https:\/\/englishlane.activehosted.com\/f\/embed.php?static=0&id=63&69D03ACB9103E&nostyles=0&preview=0'><\/script>\n<p>[\/et_pb_text][\/et_pb_column][\/et_pb_row][\/et_pb_section][et_pb_section fb_built=&#8221;1&#8243; _builder_version=&#8221;3.22.7&#8243; custom_padding=&#8221;0px|||||&#8221;][et_pb_row _builder_version=&#8221;3.25&#8243; custom_padding=&#8221;||0px|||&#8221;][et_pb_column type=&#8221;4_4&#8243; _builder_version=&#8221;3.25&#8243; custom_padding=&#8221;|||&#8221; custom_padding__hover=&#8221;|||&#8221;][et_pb_text _builder_version=&#8221;4.4.7&#8243; header_font=&#8221;Oswald||||||||&#8221; header_font_size=&#8221;40px&#8221;]<\/p>\n<h1 style=\"text-align: center;\">\u0160ta ka\u017eu polaznice na\u0161e \u0161kole o nama:<\/h1>\n<p>[\/et_pb_text][\/et_pb_column][\/et_pb_row][et_pb_row column_structure=&#8221;1_2,1_2&#8243; _builder_version=&#8221;4.4.5&#8243; custom_padding=&#8221;||20px||false|false&#8221; locked=&#8221;off&#8221;][et_pb_column type=&#8221;1_2&#8243; _builder_version=&#8221;4.4.5&#8243;][et_pb_image src=&#8221;https:\/\/englishlane.net\/onlineskola\/wp-content\/uploads\/2020\/05\/2020-05-03_1145_001.png&#8221; title_text=&#8221;2020-05-03_1145_001&#8243; _builder_version=&#8221;4.4.5&#8243;][\/et_pb_image][\/et_pb_column][et_pb_column type=&#8221;1_2&#8243; _builder_version=&#8221;4.4.5&#8243;][et_pb_image src=&#8221;https:\/\/englishlane.net\/onlineskola\/wp-content\/uploads\/2020\/05\/2020-05-03_1141.png&#8221; title_text=&#8221;2020-05-03_1141&#8243; _builder_version=&#8221;4.4.7&#8243;][\/et_pb_image][\/et_pb_column][\/et_pb_row][et_pb_row column_structure=&#8221;1_2,1_2&#8243; _builder_version=&#8221;4.4.5&#8243; custom_padding=&#8221;0px|||||&#8221; locked=&#8221;off&#8221;][et_pb_column type=&#8221;1_2&#8243; _builder_version=&#8221;4.4.5&#8243;][et_pb_image src=&#8221;https:\/\/englishlane.net\/onlineskola\/wp-content\/uploads\/2020\/05\/2020-05-03_1139.png&#8221; title_text=&#8221;2020-05-03_1139&#8243; _builder_version=&#8221;4.4.5&#8243;][\/et_pb_image][\/et_pb_column][et_pb_column type=&#8221;1_2&#8243; _builder_version=&#8221;4.4.5&#8243;][et_pb_image src=&#8221;https:\/\/englishlane.net\/onlineskola\/wp-content\/uploads\/2020\/05\/2020-05-03_1144_004.png&#8221; title_text=&#8221;2020-05-03_1144_004&#8243; _builder_version=&#8221;4.4.5&#8243;][\/et_pb_image][\/et_pb_column][\/et_pb_row][\/et_pb_section]<\/p>\n","protected":false},"excerpt":{"rendered":"<p>Preuzmi besplatnu e-knjigu Vremena u engleskom jeziku koja predstavlja kompletan vodi\u010d. Ova knjiga \u0107e ti pomo\u0107i da u\u010di\u0161 vremena na organizovan na\u010din.<\/p>\n","protected":false},"author":1,"featured_media":56619,"parent":0,"menu_order":0,"comment_status":"closed","ping_status":"closed","template":"","meta":{"_et_pb_use_builder":"on","_et_pb_old_content":"","_et_gb_content_width":"","footnotes":""},"class_list":["post-56614","page","type-page","status-publish","has-post-thumbnail","hentry"],"yoast_head":"<!-- This site is optimized with the Yoast SEO plugin v27.3 - https:\/\/yoast.com\/product\/yoast-seo-wordpress\/ -->\n<title>Vremena u engleskom jeziku (E-knjiga) - English Lane Online \u0160kola Engleskog<\/title>\n<meta name=\"description\" content=\"Preuzmi besplatnu e-knjigu Vremena u engleskom jeziku koja predstavlja kompletan vodi\u010d. Ova knjiga \u0107e ti pomo\u0107i da u\u010di\u0161 vremena na organizovan na\u010din.\" \/>\n<meta name=\"robots\" content=\"index, follow, max-snippet:-1, max-image-preview:large, max-video-preview:-1\" \/>\n<link rel=\"canonical\" href=\"https:\/\/englishlane.net\/onlineskola\/vremena-u-engleskom-jeziku-e-knjiga\/\" \/>\n<meta property=\"og:locale\" content=\"en_US\" \/>\n<meta property=\"og:type\" content=\"article\" \/>\n<meta property=\"og:title\" content=\"Vremena u engleskom jeziku (E-knjiga) - English Lane Online \u0160kola Engleskog\" \/>\n<meta property=\"og:description\" content=\"Preuzmi besplatnu e-knjigu Vremena u engleskom jeziku koja predstavlja kompletan vodi\u010d. Ova knjiga \u0107e ti pomo\u0107i da u\u010di\u0161 vremena na organizovan na\u010din.\" \/>\n<meta property=\"og:url\" content=\"https:\/\/englishlane.net\/onlineskola\/vremena-u-engleskom-jeziku-e-knjiga\/\" \/>\n<meta property=\"og:site_name\" content=\"English Lane Online \u0160kola Engleskog\" \/>\n<meta property=\"article:modified_time\" content=\"2020-06-08T07:32:38+00:00\" \/>\n<meta property=\"og:image\" content=\"https:\/\/englishlane.net\/onlineskola\/wp-content\/uploads\/2020\/06\/vremena-u-engleskom-vodic.png\" \/>\n\t<meta property=\"og:image:width\" content=\"720\" \/>\n\t<meta property=\"og:image:height\" content=\"355\" \/>\n\t<meta property=\"og:image:type\" content=\"image\/png\" \/>\n<meta name=\"twitter:card\" content=\"summary_large_image\" \/>\n<meta name=\"twitter:label1\" content=\"Est. reading time\" \/>\n\t<meta name=\"twitter:data1\" content=\"3 minutes\" \/>\n<script type=\"application\/ld+json\" class=\"yoast-schema-graph\">{\"@context\":\"https:\\\/\\\/schema.org\",\"@graph\":[{\"@type\":\"WebPage\",\"@id\":\"https:\\\/\\\/englishlane.net\\\/onlineskola\\\/vremena-u-engleskom-jeziku-e-knjiga\\\/\",\"url\":\"https:\\\/\\\/englishlane.net\\\/onlineskola\\\/vremena-u-engleskom-jeziku-e-knjiga\\\/\",\"name\":\"Vremena u engleskom jeziku (E-knjiga) - English Lane Online \u0160kola Engleskog\",\"isPartOf\":{\"@id\":\"https:\\\/\\\/englishlane.net\\\/onlineskola\\\/#website\"},\"primaryImageOfPage\":{\"@id\":\"https:\\\/\\\/englishlane.net\\\/onlineskola\\\/vremena-u-engleskom-jeziku-e-knjiga\\\/#primaryimage\"},\"image\":{\"@id\":\"https:\\\/\\\/englishlane.net\\\/onlineskola\\\/vremena-u-engleskom-jeziku-e-knjiga\\\/#primaryimage\"},\"thumbnailUrl\":\"https:\\\/\\\/englishlane.net\\\/onlineskola\\\/wp-content\\\/uploads\\\/2020\\\/06\\\/vremena-u-engleskom-vodic.png\",\"datePublished\":\"2020-06-08T07:32:17+00:00\",\"dateModified\":\"2020-06-08T07:32:38+00:00\",\"description\":\"Preuzmi besplatnu e-knjigu Vremena u engleskom jeziku koja predstavlja kompletan vodi\u010d. Ova knjiga \u0107e ti pomo\u0107i da u\u010di\u0161 vremena na organizovan na\u010din.\",\"breadcrumb\":{\"@id\":\"https:\\\/\\\/englishlane.net\\\/onlineskola\\\/vremena-u-engleskom-jeziku-e-knjiga\\\/#breadcrumb\"},\"inLanguage\":\"en-US\",\"potentialAction\":[{\"@type\":\"ReadAction\",\"target\":[\"https:\\\/\\\/englishlane.net\\\/onlineskola\\\/vremena-u-engleskom-jeziku-e-knjiga\\\/\"]}]},{\"@type\":\"ImageObject\",\"inLanguage\":\"en-US\",\"@id\":\"https:\\\/\\\/englishlane.net\\\/onlineskola\\\/vremena-u-engleskom-jeziku-e-knjiga\\\/#primaryimage\",\"url\":\"https:\\\/\\\/englishlane.net\\\/onlineskola\\\/wp-content\\\/uploads\\\/2020\\\/06\\\/vremena-u-engleskom-vodic.png\",\"contentUrl\":\"https:\\\/\\\/englishlane.net\\\/onlineskola\\\/wp-content\\\/uploads\\\/2020\\\/06\\\/vremena-u-engleskom-vodic.png\",\"width\":720,\"height\":355,\"caption\":\"Vremena u engleskom - Vodic\"},{\"@type\":\"BreadcrumbList\",\"@id\":\"https:\\\/\\\/englishlane.net\\\/onlineskola\\\/vremena-u-engleskom-jeziku-e-knjiga\\\/#breadcrumb\",\"itemListElement\":[{\"@type\":\"ListItem\",\"position\":1,\"name\":\"Home\",\"item\":\"https:\\\/\\\/englishlane.net\\\/onlineskola\\\/\"},{\"@type\":\"ListItem\",\"position\":2,\"name\":\"Vremena u engleskom jeziku (E-knjiga)\"}]},{\"@type\":\"WebSite\",\"@id\":\"https:\\\/\\\/englishlane.net\\\/onlineskola\\\/#website\",\"url\":\"https:\\\/\\\/englishlane.net\\\/onlineskola\\\/\",\"name\":\"English Lane Online \u0160kola Engleskog\",\"description\":\"\",\"publisher\":{\"@id\":\"https:\\\/\\\/englishlane.net\\\/onlineskola\\\/#organization\"},\"potentialAction\":[{\"@type\":\"SearchAction\",\"target\":{\"@type\":\"EntryPoint\",\"urlTemplate\":\"https:\\\/\\\/englishlane.net\\\/onlineskola\\\/?s={search_term_string}\"},\"query-input\":{\"@type\":\"PropertyValueSpecification\",\"valueRequired\":true,\"valueName\":\"search_term_string\"}}],\"inLanguage\":\"en-US\"},{\"@type\":\"Organization\",\"@id\":\"https:\\\/\\\/englishlane.net\\\/onlineskola\\\/#organization\",\"name\":\"English Lane \u0160kola\",\"url\":\"https:\\\/\\\/englishlane.net\\\/onlineskola\\\/\",\"logo\":{\"@type\":\"ImageObject\",\"inLanguage\":\"en-US\",\"@id\":\"https:\\\/\\\/englishlane.net\\\/onlineskola\\\/#\\\/schema\\\/logo\\\/image\\\/\",\"url\":\"https:\\\/\\\/englishlane.net\\\/onlineskola\\\/wp-content\\\/uploads\\\/2018\\\/11\\\/w-logo-el-e1542373134345.png\",\"contentUrl\":\"https:\\\/\\\/englishlane.net\\\/onlineskola\\\/wp-content\\\/uploads\\\/2018\\\/11\\\/w-logo-el-e1542373134345.png\",\"width\":360,\"height\":81,\"caption\":\"English Lane \u0160kola\"},\"image\":{\"@id\":\"https:\\\/\\\/englishlane.net\\\/onlineskola\\\/#\\\/schema\\\/logo\\\/image\\\/\"}}]}<\/script>\n<!-- \/ Yoast SEO plugin. -->","yoast_head_json":{"title":"Vremena u engleskom jeziku (E-knjiga) - English Lane Online \u0160kola Engleskog","description":"Preuzmi besplatnu e-knjigu Vremena u engleskom jeziku koja predstavlja kompletan vodi\u010d. Ova knjiga \u0107e ti pomo\u0107i da u\u010di\u0161 vremena na organizovan na\u010din.","robots":{"index":"index","follow":"follow","max-snippet":"max-snippet:-1","max-image-preview":"max-image-preview:large","max-video-preview":"max-video-preview:-1"},"canonical":"https:\/\/englishlane.net\/onlineskola\/vremena-u-engleskom-jeziku-e-knjiga\/","og_locale":"en_US","og_type":"article","og_title":"Vremena u engleskom jeziku (E-knjiga) - English Lane Online \u0160kola Engleskog","og_description":"Preuzmi besplatnu e-knjigu Vremena u engleskom jeziku koja predstavlja kompletan vodi\u010d. Ova knjiga \u0107e ti pomo\u0107i da u\u010di\u0161 vremena na organizovan na\u010din.","og_url":"https:\/\/englishlane.net\/onlineskola\/vremena-u-engleskom-jeziku-e-knjiga\/","og_site_name":"English Lane Online \u0160kola Engleskog","article_modified_time":"2020-06-08T07:32:38+00:00","og_image":[{"width":720,"height":355,"url":"https:\/\/englishlane.net\/onlineskola\/wp-content\/uploads\/2020\/06\/vremena-u-engleskom-vodic.png","type":"image\/png"}],"twitter_card":"summary_large_image","twitter_misc":{"Est. reading time":"3 minutes"},"schema":{"@context":"https:\/\/schema.org","@graph":[{"@type":"WebPage","@id":"https:\/\/englishlane.net\/onlineskola\/vremena-u-engleskom-jeziku-e-knjiga\/","url":"https:\/\/englishlane.net\/onlineskola\/vremena-u-engleskom-jeziku-e-knjiga\/","name":"Vremena u engleskom jeziku (E-knjiga) - English Lane Online \u0160kola Engleskog","isPartOf":{"@id":"https:\/\/englishlane.net\/onlineskola\/#website"},"primaryImageOfPage":{"@id":"https:\/\/englishlane.net\/onlineskola\/vremena-u-engleskom-jeziku-e-knjiga\/#primaryimage"},"image":{"@id":"https:\/\/englishlane.net\/onlineskola\/vremena-u-engleskom-jeziku-e-knjiga\/#primaryimage"},"thumbnailUrl":"https:\/\/englishlane.net\/onlineskola\/wp-content\/uploads\/2020\/06\/vremena-u-engleskom-vodic.png","datePublished":"2020-06-08T07:32:17+00:00","dateModified":"2020-06-08T07:32:38+00:00","description":"Preuzmi besplatnu e-knjigu Vremena u engleskom jeziku koja predstavlja kompletan vodi\u010d. Ova knjiga \u0107e ti pomo\u0107i da u\u010di\u0161 vremena na organizovan na\u010din.","breadcrumb":{"@id":"https:\/\/englishlane.net\/onlineskola\/vremena-u-engleskom-jeziku-e-knjiga\/#breadcrumb"},"inLanguage":"en-US","potentialAction":[{"@type":"ReadAction","target":["https:\/\/englishlane.net\/onlineskola\/vremena-u-engleskom-jeziku-e-knjiga\/"]}]},{"@type":"ImageObject","inLanguage":"en-US","@id":"https:\/\/englishlane.net\/onlineskola\/vremena-u-engleskom-jeziku-e-knjiga\/#primaryimage","url":"https:\/\/englishlane.net\/onlineskola\/wp-content\/uploads\/2020\/06\/vremena-u-engleskom-vodic.png","contentUrl":"https:\/\/englishlane.net\/onlineskola\/wp-content\/uploads\/2020\/06\/vremena-u-engleskom-vodic.png","width":720,"height":355,"caption":"Vremena u engleskom - Vodic"},{"@type":"BreadcrumbList","@id":"https:\/\/englishlane.net\/onlineskola\/vremena-u-engleskom-jeziku-e-knjiga\/#breadcrumb","itemListElement":[{"@type":"ListItem","position":1,"name":"Home","item":"https:\/\/englishlane.net\/onlineskola\/"},{"@type":"ListItem","position":2,"name":"Vremena u engleskom jeziku (E-knjiga)"}]},{"@type":"WebSite","@id":"https:\/\/englishlane.net\/onlineskola\/#website","url":"https:\/\/englishlane.net\/onlineskola\/","name":"English Lane Online \u0160kola Engleskog","description":"","publisher":{"@id":"https:\/\/englishlane.net\/onlineskola\/#organization"},"potentialAction":[{"@type":"SearchAction","target":{"@type":"EntryPoint","urlTemplate":"https:\/\/englishlane.net\/onlineskola\/?s={search_term_string}"},"query-input":{"@type":"PropertyValueSpecification","valueRequired":true,"valueName":"search_term_string"}}],"inLanguage":"en-US"},{"@type":"Organization","@id":"https:\/\/englishlane.net\/onlineskola\/#organization","name":"English Lane \u0160kola","url":"https:\/\/englishlane.net\/onlineskola\/","logo":{"@type":"ImageObject","inLanguage":"en-US","@id":"https:\/\/englishlane.net\/onlineskola\/#\/schema\/logo\/image\/","url":"https:\/\/englishlane.net\/onlineskola\/wp-content\/uploads\/2018\/11\/w-logo-el-e1542373134345.png","contentUrl":"https:\/\/englishlane.net\/onlineskola\/wp-content\/uploads\/2018\/11\/w-logo-el-e1542373134345.png","width":360,"height":81,"caption":"English Lane \u0160kola"},"image":{"@id":"https:\/\/englishlane.net\/onlineskola\/#\/schema\/logo\/image\/"}}]}},"_links":{"self":[{"href":"https:\/\/englishlane.net\/onlineskola\/wp-json\/wp\/v2\/pages\/56614","targetHints":{"allow":["GET"]}}],"collection":[{"href":"https:\/\/englishlane.net\/onlineskola\/wp-json\/wp\/v2\/pages"}],"about":[{"href":"https:\/\/englishlane.net\/onlineskola\/wp-json\/wp\/v2\/types\/page"}],"author":[{"embeddable":true,"href":"https:\/\/englishlane.net\/onlineskola\/wp-json\/wp\/v2\/users\/1"}],"replies":[{"embeddable":true,"href":"https:\/\/englishlane.net\/onlineskola\/wp-json\/wp\/v2\/comments?post=56614"}],"version-history":[{"count":9,"href":"https:\/\/englishlane.net\/onlineskola\/wp-json\/wp\/v2\/pages\/56614\/revisions"}],"predecessor-version":[{"id":56637,"href":"https:\/\/englishlane.net\/onlineskola\/wp-json\/wp\/v2\/pages\/56614\/revisions\/56637"}],"wp:featuredmedia":[{"embeddable":true,"href":"https:\/\/englishlane.net\/onlineskola\/wp-json\/wp\/v2\/media\/56619"}],"wp:attachment":[{"href":"https:\/\/englishlane.net\/onlineskola\/wp-json\/wp\/v2\/media?parent=56614"}],"curies":[{"name":"wp","href":"https:\/\/api.w.org\/{rel}","templated":true}]}}