{"id":57808,"date":"2020-11-01T18:00:32","date_gmt":"2020-11-01T17:00:32","guid":{"rendered":"https:\/\/englishlane.net\/onlineskola\/?page_id=57808"},"modified":"2022-07-08T20:01:16","modified_gmt":"2022-07-08T18:01:16","slug":"kako-se-vrsi-placanje-usluga","status":"publish","type":"page","link":"https:\/\/englishlane.net\/onlineskola\/kako-se-vrsi-placanje-usluga\/","title":{"rendered":"Kako se vr\u0161i pla\u0107anje usluga"},"content":{"rendered":"<p>[et_pb_section fb_built=&#8221;1&#8243; _builder_version=&#8221;4.16&#8243; custom_padding=&#8221;0px|||||&#8221; global_colors_info=&#8221;{}&#8221;][et_pb_row _builder_version=&#8221;4.16&#8243; background_size=&#8221;initial&#8221; background_position=&#8221;top_left&#8221; background_repeat=&#8221;repeat&#8221; global_colors_info=&#8221;{}&#8221;][et_pb_column type=&#8221;4_4&#8243; _builder_version=&#8221;4.16&#8243; custom_padding=&#8221;|||&#8221; global_colors_info=&#8221;{}&#8221; custom_padding__hover=&#8221;|||&#8221;][et_pb_text _builder_version=&#8221;4.17.4&#8243; background_size=&#8221;initial&#8221; background_position=&#8221;top_left&#8221; background_repeat=&#8221;repeat&#8221; hover_enabled=&#8221;0&#8243; global_colors_info=&#8221;{}&#8221; sticky_enabled=&#8221;0&#8243;]<\/p>\n<h3><span style=\"font-weight: 400;\">Kako se vr\u0161i pla\u0107anje usluga?<\/span><\/h3>\n<p><strong> Popunjavanje formulara<\/strong><\/p>\n<p><span style=\"font-weight: 400;\">Prvi deo \u010dini prijavljivanje za uslugu. Korisnik bira vrstu \u010dlanarine prema vremenskom periodu i zatim klikom na dugme \u201cPrijavi se\u201d prelazi na formular za prijavu. Neohpodno je popuniti ta\u010dne podatke u formularu zbog identifikacije prijave sa uplatom. Ukoliko uplatu vr\u0161ite u ne\u010dije ime, neophodno je da o tome obavestite adminstratore \u0161kole, jer u protivnom ne\u0107e biti mogu\u0107e idetifikovati va\u0161u uplatu.\u00a0<\/span><\/p>\n<p><span style=\"font-weight: 400;\">Ukoliko \u017eelite da uplatu izvr\u0161ite sa ra\u010duna firme, molimo vas da u neko od polja upi\u0161ete naziv firme i PIB ili naknadno imejlom obavestite \u0161kolu da \u0107ete uplatu izvr\u0161iti na taj na\u010din na adresu: kontakt@englishlane.net. Ukoliko vam je potreban predra\u010dun, mo\u017eete kontaktirati \u0161kolu na istu imejl adresu sa podacima firme.<\/span><\/p>\n<p><span style=\"font-weight: 400;\">U formularu je va\u017eno da izaberete na\u010din na koji \u017eelite da izvr\u0161ite uplatu.<\/span><\/p>\n<p><span style=\"font-weight: 400;\">Opcija pla\u0107anja iz Srbije (rezidenti) podrazumeva uplatu na poslovni teku\u0107i ra\u010dun \u0161kole (iz bilo koje po\u0161te\/banke\/ili putem ebank aplikacije).<\/span><\/p>\n<p><span style=\"font-weight: 400;\">Opcija pla\u0107anja iz inostranstva (nerezidenti) podrazumeva pla\u0107anje na poslovni devizni ra\u010dun \u0161kole ili putem PayPal servisa.<\/span><\/p>\n<p><span style=\"font-weight: 400;\">Pla\u0107anje karticama mogu\u0107e je za sve vrste uplata, bez obzira na rezidentnost.\u00a0<\/span><\/p>\n<p><span style=\"font-weight: 400;\">Nakon \u0161to kliknete na dugme \u201cPo\u0161alji\u201d, sti\u0107i \u0107e vam imejl sa podacima za uplatu. Ukoliko niste dobili imejl, proverite spam\/promotions (ne\u017eeljena po\u0161ta) folder ili nas kontaktirajte.\u00a0<\/span><\/p>\n<p><strong>Pla\u0107anja za rezidente (Srbija)<\/strong><\/p>\n<p><span style=\"font-weight: 400;\">Ukoliko ste rezident Republike Srbije, uplatu \u0107ete izvr\u0161iti na ra\u010dun \u0161kole koriste\u0107i podatke koje ste dobili na imejl. Molimo vas da prilikom popunjavanja uplatnice koristite podatke koji su vam dostavljeni (naziv firme i iznos \u010dlanarine). <\/span><\/p>\n<p><strong>Pla\u0107anje za nerezidente (Inostranstvo)<\/strong><\/p>\n<p><span style=\"font-weight: 400;\">Ukoliko niste rezident Republike Srbije, uplatu \u0107ete izvr\u0161iti na devizni ra\u010dun \u0161kole koriste\u0107i podatke koje ste dobili na imejl. Prilikom ovakve uplate iz inostranstva, va\u0161a banka \u0107e obra\u010dunati proviziju koju se obavezujete da uplatite prilikom obrade tog naloga.\u00a0<\/span><\/p>\n<p><span style=\"font-weight: 400;\">Druga opcija za pla\u0107anje je uplatom putem PayPal servisa i tom prilikom \u0107ete dobiti na imejl fakturu.<\/span><\/p>\n<p><strong>Pla\u0107anje karticom (Svi)<\/strong><\/p>\n<p><span style=\"font-weight: 400;\">Ukoliko prilikom popunjavanja formular odaberete opciju za uplatu platnom karticom, dobi\u0107ete na imejl link sa fakturom koji \u0107e vas odvesti do stranice za sigurno pla\u0107anje (u saradnji sa\u00a0<a href=\"https:\/\/www.otpsrbija.rs\/\" target=\"_blank\" rel=\"noopener noreferrer\">OTP Banka<\/a>). Sigurnost podataka garantuje servis za prociranje platnih kartica koji omogu\u0107ava <a href=\"https:\/\/www.otpsrbija.rs\/\" target=\"_blank\" rel=\"noopener noreferrer\">OTP banka<\/a>\u00a0i kompletan proces naplate se obavlja na njihovim stranicama. Podaci o platnim karticama nisu dostupni u na\u0161em sistemu ni u jednom trenutku.<\/span><\/p>\n<p><span style=\"font-weight: 400;\">U zavisnosti od na\u010dina pla\u0107anja, mo\u017ee biti potrebno od nekoliko sati do nekoliko dana da se uplata realizuje (\u0161to isklju\u010divo zavisi od naplatne institucije koja obra\u0111uje uplatu).<\/span><\/p>\n<p>[\/et_pb_text][\/et_pb_column][\/et_pb_row][\/et_pb_section]<\/p>\n","protected":false},"excerpt":{"rendered":"<p>Kako se vr\u0161i pla\u0107anje usluga? Popunjavanje formulara Prvi deo \u010dini prijavljivanje za uslugu. Korisnik bira vrstu \u010dlanarine prema vremenskom periodu i zatim klikom na dugme \u201cPrijavi se\u201d prelazi na formular za prijavu. Neohpodno je popuniti ta\u010dne podatke u formularu zbog identifikacije prijave sa uplatom. Ukoliko uplatu vr\u0161ite u ne\u010dije ime, neophodno je da o tome [&hellip;]<\/p>\n","protected":false},"author":1,"featured_media":0,"parent":0,"menu_order":0,"comment_status":"closed","ping_status":"open","template":"","meta":{"_et_pb_use_builder":"on","_et_pb_old_content":"<h2>Who we are<\/h2><p>Our website address is: http:\/\/englishlane.net\/onlineskola.<\/p><h2>What personal data we collect and why we collect it<\/h2><h3>Comments<\/h3><p>When visitors leave comments on the site we collect the data shown in the comments form, and also the visitor\u2019s IP address and browser user agent string to help spam detection.<\/p><p>An anonymized string created from your email address (also called a hash) may be provided to the Gravatar service to see if you are using it. The Gravatar service privacy policy is available here: https:\/\/automattic.com\/privacy\/. After approval of your comment, your profile picture is visible to the public in the context of your comment.<\/p><h3>Media<\/h3><p>If you upload images to the website, you should avoid uploading images with embedded location data (EXIF GPS) included. Visitors to the website can download and extract any location data from images on the website.<\/p><h3>Contact forms<\/h3><h3>Cookies<\/h3><p>If you leave a comment on our site you may opt-in to saving your name, email address and website in cookies. These are for your convenience so that you do not have to fill in your details again when you leave another comment. These cookies will last for one year.<\/p><p>If you have an account and you log in to this site, we will set a temporary cookie to determine if your browser accepts cookies. This cookie contains no personal data and is discarded when you close your browser.<\/p><p>When you log in, we will also set up several cookies to save your login information and your screen display choices. Login cookies last for two days, and screen options cookies last for a year. If you select \"Remember Me\", your login will persist for two weeks. If you log out of your account, the login cookies will be removed.<\/p><p>If you edit or publish an article, an additional cookie will be saved in your browser. This cookie includes no personal data and simply indicates the post ID of the article you just edited. It expires after 1 day.<\/p><h3>Embedded content from other websites<\/h3><p>Articles on this site may include embedded content (e.g. videos, images, articles, etc.). Embedded content from other websites behaves in the exact same way as if the visitor has visited the other website.<\/p><p>These websites may collect data about you, use cookies, embed additional third-party tracking, and monitor your interaction with that embedded content, including tracking your interaction with the embedded content if you have an account and are logged in to that website.<\/p><h3>Analytics<\/h3><h2>Who we share your data with<\/h2><h2>How long we retain your data<\/h2><p>If you leave a comment, the comment and its metadata are retained indefinitely. This is so we can recognize and approve any follow-up comments automatically instead of holding them in a moderation queue.<\/p><p>For users that register on our website (if any), we also store the personal information they provide in their user profile. All users can see, edit, or delete their personal information at any time (except they cannot change their username). Website administrators can also see and edit that information.<\/p><h2>What rights you have over your data<\/h2><p>If you have an account on this site, or have left comments, you can request to receive an exported file of the personal data we hold about you, including any data you have provided to us. You can also request that we erase any personal data we hold about you. This does not include any data we are obliged to keep for administrative, legal, or security purposes.<\/p><h2>Where we send your data<\/h2><p>Visitor comments may be checked through an automated spam detection service.<\/p><h2>Your contact information<\/h2><h2>Additional information<\/h2><h3>How we protect your data<\/h3><h3>What data breach procedures we have in place<\/h3><h3>What third parties we receive data from<\/h3><h3>What automated decision making and\/or profiling we do with user data<\/h3><h3>Industry regulatory disclosure requirements<\/h3>","_et_gb_content_width":"","footnotes":""},"class_list":["post-57808","page","type-page","status-publish","hentry"],"yoast_head":"<!-- This site is optimized with the Yoast SEO plugin v27.3 - https:\/\/yoast.com\/product\/yoast-seo-wordpress\/ -->\n<title>Kako se vr\u0161i pla\u0107anje usluga - English Lane Online \u0160kola Engleskog<\/title>\n<meta name=\"robots\" content=\"noindex, nofollow\" \/>\n<meta property=\"og:locale\" content=\"en_US\" \/>\n<meta property=\"og:type\" content=\"article\" \/>\n<meta property=\"og:title\" content=\"Kako se vr\u0161i pla\u0107anje usluga - English Lane Online \u0160kola Engleskog\" \/>\n<meta property=\"og:description\" content=\"Kako se vr\u0161i pla\u0107anje usluga? Popunjavanje formulara Prvi deo \u010dini prijavljivanje za uslugu. Korisnik bira vrstu \u010dlanarine prema vremenskom periodu i zatim klikom na dugme \u201cPrijavi se\u201d prelazi na formular za prijavu. Neohpodno je popuniti ta\u010dne podatke u formularu zbog identifikacije prijave sa uplatom. Ukoliko uplatu vr\u0161ite u ne\u010dije ime, neophodno je da o tome [&hellip;]\" \/>\n<meta property=\"og:url\" content=\"https:\/\/englishlane.net\/onlineskola\/kako-se-vrsi-placanje-usluga\/\" \/>\n<meta property=\"og:site_name\" content=\"English Lane Online \u0160kola Engleskog\" \/>\n<meta property=\"article:modified_time\" content=\"2022-07-08T18:01:16+00:00\" \/>\n<meta name=\"twitter:card\" content=\"summary_large_image\" \/>\n<meta name=\"twitter:label1\" content=\"Est. reading time\" \/>\n\t<meta name=\"twitter:data1\" content=\"3 minutes\" \/>\n<script type=\"application\/ld+json\" class=\"yoast-schema-graph\">{\"@context\":\"https:\\\/\\\/schema.org\",\"@graph\":[{\"@type\":\"WebPage\",\"@id\":\"https:\\\/\\\/englishlane.net\\\/onlineskola\\\/kako-se-vrsi-placanje-usluga\\\/\",\"url\":\"https:\\\/\\\/englishlane.net\\\/onlineskola\\\/kako-se-vrsi-placanje-usluga\\\/\",\"name\":\"Kako se vr\u0161i pla\u0107anje usluga - English Lane Online \u0160kola Engleskog\",\"isPartOf\":{\"@id\":\"https:\\\/\\\/englishlane.net\\\/onlineskola\\\/#website\"},\"datePublished\":\"2020-11-01T17:00:32+00:00\",\"dateModified\":\"2022-07-08T18:01:16+00:00\",\"breadcrumb\":{\"@id\":\"https:\\\/\\\/englishlane.net\\\/onlineskola\\\/kako-se-vrsi-placanje-usluga\\\/#breadcrumb\"},\"inLanguage\":\"en-US\",\"potentialAction\":[{\"@type\":\"ReadAction\",\"target\":[\"https:\\\/\\\/englishlane.net\\\/onlineskola\\\/kako-se-vrsi-placanje-usluga\\\/\"]}]},{\"@type\":\"BreadcrumbList\",\"@id\":\"https:\\\/\\\/englishlane.net\\\/onlineskola\\\/kako-se-vrsi-placanje-usluga\\\/#breadcrumb\",\"itemListElement\":[{\"@type\":\"ListItem\",\"position\":1,\"name\":\"Home\",\"item\":\"https:\\\/\\\/englishlane.net\\\/onlineskola\\\/\"},{\"@type\":\"ListItem\",\"position\":2,\"name\":\"Kako se vr\u0161i pla\u0107anje usluga\"}]},{\"@type\":\"WebSite\",\"@id\":\"https:\\\/\\\/englishlane.net\\\/onlineskola\\\/#website\",\"url\":\"https:\\\/\\\/englishlane.net\\\/onlineskola\\\/\",\"name\":\"English Lane Online \u0160kola Engleskog\",\"description\":\"\",\"publisher\":{\"@id\":\"https:\\\/\\\/englishlane.net\\\/onlineskola\\\/#organization\"},\"potentialAction\":[{\"@type\":\"SearchAction\",\"target\":{\"@type\":\"EntryPoint\",\"urlTemplate\":\"https:\\\/\\\/englishlane.net\\\/onlineskola\\\/?s={search_term_string}\"},\"query-input\":{\"@type\":\"PropertyValueSpecification\",\"valueRequired\":true,\"valueName\":\"search_term_string\"}}],\"inLanguage\":\"en-US\"},{\"@type\":\"Organization\",\"@id\":\"https:\\\/\\\/englishlane.net\\\/onlineskola\\\/#organization\",\"name\":\"English Lane \u0160kola\",\"url\":\"https:\\\/\\\/englishlane.net\\\/onlineskola\\\/\",\"logo\":{\"@type\":\"ImageObject\",\"inLanguage\":\"en-US\",\"@id\":\"https:\\\/\\\/englishlane.net\\\/onlineskola\\\/#\\\/schema\\\/logo\\\/image\\\/\",\"url\":\"https:\\\/\\\/englishlane.net\\\/onlineskola\\\/wp-content\\\/uploads\\\/2018\\\/11\\\/w-logo-el-e1542373134345.png\",\"contentUrl\":\"https:\\\/\\\/englishlane.net\\\/onlineskola\\\/wp-content\\\/uploads\\\/2018\\\/11\\\/w-logo-el-e1542373134345.png\",\"width\":360,\"height\":81,\"caption\":\"English Lane \u0160kola\"},\"image\":{\"@id\":\"https:\\\/\\\/englishlane.net\\\/onlineskola\\\/#\\\/schema\\\/logo\\\/image\\\/\"}}]}<\/script>\n<!-- \/ Yoast SEO plugin. -->","yoast_head_json":{"title":"Kako se vr\u0161i pla\u0107anje usluga - English Lane Online \u0160kola Engleskog","robots":{"index":"noindex","follow":"nofollow"},"og_locale":"en_US","og_type":"article","og_title":"Kako se vr\u0161i pla\u0107anje usluga - English Lane Online \u0160kola Engleskog","og_description":"Kako se vr\u0161i pla\u0107anje usluga? Popunjavanje formulara Prvi deo \u010dini prijavljivanje za uslugu. Korisnik bira vrstu \u010dlanarine prema vremenskom periodu i zatim klikom na dugme \u201cPrijavi se\u201d prelazi na formular za prijavu. Neohpodno je popuniti ta\u010dne podatke u formularu zbog identifikacije prijave sa uplatom. Ukoliko uplatu vr\u0161ite u ne\u010dije ime, neophodno je da o tome [&hellip;]","og_url":"https:\/\/englishlane.net\/onlineskola\/kako-se-vrsi-placanje-usluga\/","og_site_name":"English Lane Online \u0160kola Engleskog","article_modified_time":"2022-07-08T18:01:16+00:00","twitter_card":"summary_large_image","twitter_misc":{"Est. reading time":"3 minutes"},"schema":{"@context":"https:\/\/schema.org","@graph":[{"@type":"WebPage","@id":"https:\/\/englishlane.net\/onlineskola\/kako-se-vrsi-placanje-usluga\/","url":"https:\/\/englishlane.net\/onlineskola\/kako-se-vrsi-placanje-usluga\/","name":"Kako se vr\u0161i pla\u0107anje usluga - English Lane Online \u0160kola Engleskog","isPartOf":{"@id":"https:\/\/englishlane.net\/onlineskola\/#website"},"datePublished":"2020-11-01T17:00:32+00:00","dateModified":"2022-07-08T18:01:16+00:00","breadcrumb":{"@id":"https:\/\/englishlane.net\/onlineskola\/kako-se-vrsi-placanje-usluga\/#breadcrumb"},"inLanguage":"en-US","potentialAction":[{"@type":"ReadAction","target":["https:\/\/englishlane.net\/onlineskola\/kako-se-vrsi-placanje-usluga\/"]}]},{"@type":"BreadcrumbList","@id":"https:\/\/englishlane.net\/onlineskola\/kako-se-vrsi-placanje-usluga\/#breadcrumb","itemListElement":[{"@type":"ListItem","position":1,"name":"Home","item":"https:\/\/englishlane.net\/onlineskola\/"},{"@type":"ListItem","position":2,"name":"Kako se vr\u0161i pla\u0107anje usluga"}]},{"@type":"WebSite","@id":"https:\/\/englishlane.net\/onlineskola\/#website","url":"https:\/\/englishlane.net\/onlineskola\/","name":"English Lane Online \u0160kola Engleskog","description":"","publisher":{"@id":"https:\/\/englishlane.net\/onlineskola\/#organization"},"potentialAction":[{"@type":"SearchAction","target":{"@type":"EntryPoint","urlTemplate":"https:\/\/englishlane.net\/onlineskola\/?s={search_term_string}"},"query-input":{"@type":"PropertyValueSpecification","valueRequired":true,"valueName":"search_term_string"}}],"inLanguage":"en-US"},{"@type":"Organization","@id":"https:\/\/englishlane.net\/onlineskola\/#organization","name":"English Lane \u0160kola","url":"https:\/\/englishlane.net\/onlineskola\/","logo":{"@type":"ImageObject","inLanguage":"en-US","@id":"https:\/\/englishlane.net\/onlineskola\/#\/schema\/logo\/image\/","url":"https:\/\/englishlane.net\/onlineskola\/wp-content\/uploads\/2018\/11\/w-logo-el-e1542373134345.png","contentUrl":"https:\/\/englishlane.net\/onlineskola\/wp-content\/uploads\/2018\/11\/w-logo-el-e1542373134345.png","width":360,"height":81,"caption":"English Lane \u0160kola"},"image":{"@id":"https:\/\/englishlane.net\/onlineskola\/#\/schema\/logo\/image\/"}}]}},"_links":{"self":[{"href":"https:\/\/englishlane.net\/onlineskola\/wp-json\/wp\/v2\/pages\/57808","targetHints":{"allow":["GET"]}}],"collection":[{"href":"https:\/\/englishlane.net\/onlineskola\/wp-json\/wp\/v2\/pages"}],"about":[{"href":"https:\/\/englishlane.net\/onlineskola\/wp-json\/wp\/v2\/types\/page"}],"author":[{"embeddable":true,"href":"https:\/\/englishlane.net\/onlineskola\/wp-json\/wp\/v2\/users\/1"}],"replies":[{"embeddable":true,"href":"https:\/\/englishlane.net\/onlineskola\/wp-json\/wp\/v2\/comments?post=57808"}],"version-history":[{"count":6,"href":"https:\/\/englishlane.net\/onlineskola\/wp-json\/wp\/v2\/pages\/57808\/revisions"}],"predecessor-version":[{"id":61043,"href":"https:\/\/englishlane.net\/onlineskola\/wp-json\/wp\/v2\/pages\/57808\/revisions\/61043"}],"wp:attachment":[{"href":"https:\/\/englishlane.net\/onlineskola\/wp-json\/wp\/v2\/media?parent=57808"}],"curies":[{"name":"wp","href":"https:\/\/api.w.org\/{rel}","templated":true}]}}