{"id":61277,"date":"2022-09-21T11:14:43","date_gmt":"2022-09-21T09:14:43","guid":{"rendered":"https:\/\/englishlane.net\/onlineskola\/?page_id=61277"},"modified":"2026-01-18T23:12:30","modified_gmt":"2026-01-18T22:12:30","slug":"el-skola-prijava","status":"publish","type":"page","link":"https:\/\/englishlane.net\/onlineskola\/el-skola-prijava\/","title":{"rendered":"English Lane \u0160kola &#8211; Kupovina \u010clanarine"},"content":{"rendered":"<p>[et_pb_section fb_built=&#8221;1&#8243; _builder_version=&#8221;4.16&#8243; custom_padding=&#8221;0px|||||&#8221; global_colors_info=&#8221;{}&#8221;][et_pb_row disabled_on=&#8221;off|off|off&#8221; _builder_version=&#8221;4.17.3&#8243; background_size=&#8221;initial&#8221; background_position=&#8221;top_left&#8221; background_repeat=&#8221;repeat&#8221; global_colors_info=&#8221;{}&#8221;][et_pb_column type=&#8221;4_4&#8243; _builder_version=&#8221;4.16&#8243; custom_padding=&#8221;|||&#8221; global_colors_info=&#8221;{}&#8221; custom_padding__hover=&#8221;|||&#8221;][et_pb_image src=&#8221;https:\/\/englishlane.net\/onlineskola\/wp-content\/uploads\/2018\/11\/w-logo-el-e1542373134345.png&#8221; title_text=&#8221;w-logo-el&#8221; align=&#8221;center&#8221; _builder_version=&#8221;4.18.0&#8243; _module_preset=&#8221;default&#8221; global_colors_info=&#8221;{}&#8221;][\/et_pb_image][et_pb_text _builder_version=&#8221;4.27.5&#8243; text_font=&#8221;|300|||||||&#8221; hover_enabled=&#8221;0&#8243; global_colors_info=&#8221;{}&#8221; sticky_enabled=&#8221;0&#8243;]<\/p>\n<h1 style=\"text-align: center;\">Izaberi \u010dlanarinu koja odgovara tvojim potrebama:<\/h1>\n<p style=\"text-align: center;\">Pla\u0107anje \u010dlanarina se vr\u0161i jednokratno u celosti, <em>nisu u pitanju automatski obnavljaju\u0107a pla\u0107anja<\/em> i vi birate da li \u017eelite da obnovite \u010dlanarinu za naredni period.<\/p>\n<p style=\"text-align: center;\">Napomena: trenutno je otvoren upis na program namenjen odraslim <em>polaznicama<\/em> \ud83d\udc69.<\/p>\n<p>[\/et_pb_text][et_pb_pricing_tables featured_table_header_background_color=&#8221;#E4017D&#8221; featured_table_header_text_color=&#8221;#ffffff&#8221; header_background_color=&#8221;#FFA036&#8243; show_bullet=&#8221;off&#8221; featured_table_price_color=&#8221;#3C3642&#8243; disabled_on=&#8221;off|off|off&#8221; _builder_version=&#8221;4.27.5&#8243; price_text_color=&#8221;#3C3642&#8243; body_text_color=&#8221;#3C3642&#8243; header_font=&#8221;||||||||&#8221; body_font=&#8221;||||||||&#8221; subheader_font=&#8221;|700|||||||&#8221; price_font=&#8221;||||||||&#8221; custom_button=&#8221;on&#8221; button_text_size=&#8221;25px&#8221; button_text_color=&#8221;#ffffff&#8221; button_bg_color=&#8221;#FFA036&#8243; button_border_radius=&#8221;14px&#8221; button_font=&#8221;|700|||||||&#8221; button_use_icon=&#8221;off&#8221; text_orientation=&#8221;center&#8221; max_width_tablet=&#8221;&#8221; max_width_phone=&#8221;&#8221; max_width_last_edited=&#8221;on|phone&#8221; module_alignment=&#8221;center&#8221; hover_enabled=&#8221;0&#8243; price_font_size_tablet=&#8221;&#8221; price_font_size_phone=&#8221;50px&#8221; price_font_size_last_edited=&#8221;on|phone&#8221; locked=&#8221;off&#8221; global_colors_info=&#8221;{}&#8221; sticky_enabled=&#8221;0&#8243;][et_pb_pricing_table title=&#8221;English Lane \u010clanarina&#8221; subtitle=&#8221;1 mesec&#8221; currency=&#8221;RSD&#8221; sum=&#8221;5.999&#8243; button_url=&#8221;https:\/\/englishlane.net\/onlineskola\/el-59-m-signup\/&#8221; button_text=&#8221;PRIJAVI SE&#8221; _builder_version=&#8221;4.27.5&#8243; header_font=&#8221;||||||||&#8221; body_font=&#8221;||||||||&#8221; hover_enabled=&#8221;0&#8243; global_colors_info=&#8221;{}&#8221; sticky_transition=&#8221;on&#8221; sticky_enabled=&#8221;0&#8243;]<\/p>\n<p><strong>Pogodnost:<\/strong> prvi mesec 5999 RSD, <strong>posle 5000 RSD mese\u010dno uz redovne obnove \u010dlanarine.<\/strong><\/p>\n<p>+ <strong>Cena (inostranstvo): 52 EUR prvi mesec, posle 43 EUR mese\u010dno<\/strong><\/p>\n<p>+Pristup platformi za u\u010denje engleskog jezika (u bilo koje doba dana ili no\u0107i)<\/p>\n<p>+Pristup dodeljenom kursu nakon uvodnog testiranja kao i narednim kursevima u skladu sa programom<\/p>\n<p>+Mogu\u0107nost u\u010de\u0161\u0107a na grupnim onlajn radionicama<\/p>\n<p>+Mogu\u0107nost u\u010de\u0161\u0107a na grupnim onlajn ve\u017ebama konverzacije<\/p>\n<p>+Pristup kolekciji radionica<\/p>\n<p>+Pristup dodatnim materijalima za u\u010denje (150+ lekcija i ve\u017ebanja)<\/p>\n<p>+Rani pristup podkast epizodama i povezanim aktivnostima<\/p>\n<p>+Podr\u0161ka od strane profesorke, pregledanje zadataka kao i pomo\u0107 u planiranju u\u010denja i organizaciji<\/p>\n<p><em><strong>Pogodnost: prvi mesec 5999 RSD, posle 5000 RSD mese\u010dno uz redovne obnove \u010dlanarine.<\/strong><\/em><\/p>\n<p>[\/et_pb_pricing_table][et_pb_pricing_table title=&#8221;English Lane \u010clanarina&#8221; subtitle=&#8221;6 meseci (u\u0161tedi 5999 RSD!)&#8221; currency=&#8221;RSD&#8221; sum=&#8221;25.000&#8243; button_url=&#8221;https:\/\/englishlane.net\/onlineskola\/el-25-6m-signup\/&#8221; button_text=&#8221;PRIJAVI SE&#8221; header_background_color=&#8221;#5bb769&#8243; _builder_version=&#8221;4.27.5&#8243; header_font=&#8221;||||||||&#8221; body_font=&#8221;||||||||&#8221; hover_enabled=&#8221;0&#8243; price_font_size_tablet=&#8221;&#8221; price_font_size_phone=&#8221;50px&#8221; price_font_size_last_edited=&#8221;on|phone&#8221; global_colors_info=&#8221;{}&#8221; sticky_transition=&#8221;on&#8221; sticky_enabled=&#8221;0&#8243;]<\/p>\n<p>+ <strong>Cena (inostranstvo): 214 EUR<\/strong><\/p>\n<p>+Pristup platformi za u\u010denje engleskog jezika (u bilo koje doba dana ili no\u0107i)<\/p>\n<p>+Pristup dodeljenom kursu nakon uvodnog testiranja kao i narednim kursevima u skladu sa programom<\/p>\n<p>+Mogu\u0107nost u\u010de\u0161\u0107a na grupnim onlajn radionicama<\/p>\n<p>+Mogu\u0107nost u\u010de\u0161\u0107a na grupnim onlajn ve\u017ebama konverzacije<\/p>\n<p>+Pristup kolekciji radionica<\/p>\n<p>+Pristup dodatnim materijalima za u\u010denje (150+ lekcija i ve\u017ebanja)<\/p>\n<p>+Rani pristup podkast epizodama i povezanim aktivnostima<\/p>\n<p>+Podr\u0161ka od strane profesorke, pregledanje zadataka kao i pomo\u0107 u planiranju u\u010denja i organizaciji<\/p>\n<p>[\/et_pb_pricing_table][et_pb_pricing_table featured=&#8221;on&#8221; title=&#8221;English Lane \u010clanarina&#8221; subtitle=&#8221;12 meseci (u\u0161tedi 18.999 RSD!)&#8221; currency=&#8221;RSD&#8221; sum=&#8221;42.000&#8243; button_url=&#8221;https:\/\/englishlane.net\/onlineskola\/el-42-12m-signup\/&#8221; button_text=&#8221;PRIJAVI SE&#8221; _builder_version=&#8221;4.27.5&#8243; header_font=&#8221;||||||||&#8221; body_font=&#8221;||||||||&#8221; hover_enabled=&#8221;0&#8243; price_font_size_tablet=&#8221;&#8221; price_font_size_phone=&#8221;50px&#8221; price_font_size_last_edited=&#8221;on|phone&#8221; global_colors_info=&#8221;{}&#8221; sticky_transition=&#8221;on&#8221; sticky_enabled=&#8221;0&#8243;]<\/p>\n<p>+ <strong>Cena (inostranstvo): 358 EUR<\/strong><\/p>\n<p>+Pristup platformi za u\u010denje engleskog jezika (u bilo koje doba dana ili no\u0107i)<\/p>\n<p>+Pristup dodeljenom kursu nakon uvodnog testiranja kao i narednim kursevima u skladu sa programom<\/p>\n<p>+Mogu\u0107nost u\u010de\u0161\u0107a na grupnim onlajn radionicama<\/p>\n<p>+Mogu\u0107nost u\u010de\u0161\u0107a na grupnim onlajn ve\u017ebama konverzacije<\/p>\n<p>+Pristup kolekciji radionica<\/p>\n<p>+Pristup dodatnim materijalima za u\u010denje (150+ lekcija i ve\u017ebanja)<\/p>\n<p>+Rani pristup podkast epizodama i povezanim aktivnostima<\/p>\n<p>+Podr\u0161ka od strane profesorke, pregledanje zadataka kao i pomo\u0107 u planiranju u\u010denja i organizaciji<\/p>\n<p>+Sve iznad <strong>PLUS:<\/strong><\/p>\n<p>+<strong>VIP \u2013 prednost u pregledanju zadataka i komunikaciji<\/strong><\/p>\n<p>[\/et_pb_pricing_table][\/et_pb_pricing_tables][\/et_pb_column][\/et_pb_row][\/et_pb_section]<\/p>\n","protected":false},"excerpt":{"rendered":"<p>Izaberi \u010dlanarinu koja odgovara tvojim potrebama: Pla\u0107anje \u010dlanarina se vr\u0161i jednokratno u celosti, nisu u pitanju automatski obnavljaju\u0107a pla\u0107anja i vi birate da li \u017eelite da obnovite \u010dlanarinu za naredni period. Napomena: trenutno je otvoren upis na program namenjen odraslim polaznicama \ud83d\udc69.Pogodnost: prvi mesec 5999 RSD, posle 5000 RSD mese\u010dno uz redovne obnove \u010dlanarine. + [&hellip;]<\/p>\n","protected":false},"author":1,"featured_media":0,"parent":0,"menu_order":0,"comment_status":"closed","ping_status":"closed","template":"page-template-blank.php","meta":{"_et_pb_use_builder":"on","_et_pb_old_content":"","_et_gb_content_width":"","footnotes":""},"class_list":["post-61277","page","type-page","status-publish","hentry"],"yoast_head":"<!-- This site is optimized with the Yoast SEO plugin v27.3 - https:\/\/yoast.com\/product\/yoast-seo-wordpress\/ -->\n<title>English Lane \u0160kola - Kupovina \u010clanarine - English Lane Online \u0160kola Engleskog<\/title>\n<meta name=\"robots\" content=\"noindex, nofollow\" \/>\n<meta property=\"og:locale\" content=\"en_US\" \/>\n<meta property=\"og:type\" content=\"article\" \/>\n<meta property=\"og:title\" content=\"English Lane \u0160kola - Kupovina \u010clanarine - English Lane Online \u0160kola Engleskog\" \/>\n<meta property=\"og:description\" content=\"Izaberi \u010dlanarinu koja odgovara tvojim potrebama: Pla\u0107anje \u010dlanarina se vr\u0161i jednokratno u celosti, nisu u pitanju automatski obnavljaju\u0107a pla\u0107anja i vi birate da li \u017eelite da obnovite \u010dlanarinu za naredni period. Napomena: trenutno je otvoren upis na program namenjen odraslim polaznicama \ud83d\udc69.Pogodnost: prvi mesec 5999 RSD, posle 5000 RSD mese\u010dno uz redovne obnove \u010dlanarine. + [&hellip;]\" \/>\n<meta property=\"og:url\" content=\"https:\/\/englishlane.net\/onlineskola\/el-skola-prijava\/\" \/>\n<meta property=\"og:site_name\" content=\"English Lane Online \u0160kola Engleskog\" \/>\n<meta property=\"article:modified_time\" content=\"2026-01-18T22:12:30+00:00\" \/>\n<meta name=\"twitter:card\" content=\"summary_large_image\" \/>\n<meta name=\"twitter:label1\" content=\"Est. reading time\" \/>\n\t<meta name=\"twitter:data1\" content=\"2 minutes\" \/>\n<script type=\"application\/ld+json\" class=\"yoast-schema-graph\">{\"@context\":\"https:\\\/\\\/schema.org\",\"@graph\":[{\"@type\":\"WebPage\",\"@id\":\"https:\\\/\\\/englishlane.net\\\/onlineskola\\\/el-skola-prijava\\\/\",\"url\":\"https:\\\/\\\/englishlane.net\\\/onlineskola\\\/el-skola-prijava\\\/\",\"name\":\"English Lane \u0160kola - Kupovina \u010clanarine - English Lane Online \u0160kola Engleskog\",\"isPartOf\":{\"@id\":\"https:\\\/\\\/englishlane.net\\\/onlineskola\\\/#website\"},\"datePublished\":\"2022-09-21T09:14:43+00:00\",\"dateModified\":\"2026-01-18T22:12:30+00:00\",\"breadcrumb\":{\"@id\":\"https:\\\/\\\/englishlane.net\\\/onlineskola\\\/el-skola-prijava\\\/#breadcrumb\"},\"inLanguage\":\"en-US\",\"potentialAction\":[{\"@type\":\"ReadAction\",\"target\":[\"https:\\\/\\\/englishlane.net\\\/onlineskola\\\/el-skola-prijava\\\/\"]}]},{\"@type\":\"BreadcrumbList\",\"@id\":\"https:\\\/\\\/englishlane.net\\\/onlineskola\\\/el-skola-prijava\\\/#breadcrumb\",\"itemListElement\":[{\"@type\":\"ListItem\",\"position\":1,\"name\":\"Home\",\"item\":\"https:\\\/\\\/englishlane.net\\\/onlineskola\\\/\"},{\"@type\":\"ListItem\",\"position\":2,\"name\":\"English Lane \u0160kola &#8211; Kupovina \u010clanarine\"}]},{\"@type\":\"WebSite\",\"@id\":\"https:\\\/\\\/englishlane.net\\\/onlineskola\\\/#website\",\"url\":\"https:\\\/\\\/englishlane.net\\\/onlineskola\\\/\",\"name\":\"English Lane Online \u0160kola Engleskog\",\"description\":\"\",\"publisher\":{\"@id\":\"https:\\\/\\\/englishlane.net\\\/onlineskola\\\/#organization\"},\"potentialAction\":[{\"@type\":\"SearchAction\",\"target\":{\"@type\":\"EntryPoint\",\"urlTemplate\":\"https:\\\/\\\/englishlane.net\\\/onlineskola\\\/?s={search_term_string}\"},\"query-input\":{\"@type\":\"PropertyValueSpecification\",\"valueRequired\":true,\"valueName\":\"search_term_string\"}}],\"inLanguage\":\"en-US\"},{\"@type\":\"Organization\",\"@id\":\"https:\\\/\\\/englishlane.net\\\/onlineskola\\\/#organization\",\"name\":\"English Lane \u0160kola\",\"url\":\"https:\\\/\\\/englishlane.net\\\/onlineskola\\\/\",\"logo\":{\"@type\":\"ImageObject\",\"inLanguage\":\"en-US\",\"@id\":\"https:\\\/\\\/englishlane.net\\\/onlineskola\\\/#\\\/schema\\\/logo\\\/image\\\/\",\"url\":\"https:\\\/\\\/englishlane.net\\\/onlineskola\\\/wp-content\\\/uploads\\\/2018\\\/11\\\/w-logo-el-e1542373134345.png\",\"contentUrl\":\"https:\\\/\\\/englishlane.net\\\/onlineskola\\\/wp-content\\\/uploads\\\/2018\\\/11\\\/w-logo-el-e1542373134345.png\",\"width\":360,\"height\":81,\"caption\":\"English Lane \u0160kola\"},\"image\":{\"@id\":\"https:\\\/\\\/englishlane.net\\\/onlineskola\\\/#\\\/schema\\\/logo\\\/image\\\/\"}}]}<\/script>\n<!-- \/ Yoast SEO plugin. -->","yoast_head_json":{"title":"English Lane \u0160kola - Kupovina \u010clanarine - English Lane Online \u0160kola Engleskog","robots":{"index":"noindex","follow":"nofollow"},"og_locale":"en_US","og_type":"article","og_title":"English Lane \u0160kola - Kupovina \u010clanarine - English Lane Online \u0160kola Engleskog","og_description":"Izaberi \u010dlanarinu koja odgovara tvojim potrebama: Pla\u0107anje \u010dlanarina se vr\u0161i jednokratno u celosti, nisu u pitanju automatski obnavljaju\u0107a pla\u0107anja i vi birate da li \u017eelite da obnovite \u010dlanarinu za naredni period. Napomena: trenutno je otvoren upis na program namenjen odraslim polaznicama \ud83d\udc69.Pogodnost: prvi mesec 5999 RSD, posle 5000 RSD mese\u010dno uz redovne obnove \u010dlanarine. + [&hellip;]","og_url":"https:\/\/englishlane.net\/onlineskola\/el-skola-prijava\/","og_site_name":"English Lane Online \u0160kola Engleskog","article_modified_time":"2026-01-18T22:12:30+00:00","twitter_card":"summary_large_image","twitter_misc":{"Est. reading time":"2 minutes"},"schema":{"@context":"https:\/\/schema.org","@graph":[{"@type":"WebPage","@id":"https:\/\/englishlane.net\/onlineskola\/el-skola-prijava\/","url":"https:\/\/englishlane.net\/onlineskola\/el-skola-prijava\/","name":"English Lane \u0160kola - Kupovina \u010clanarine - English Lane Online \u0160kola Engleskog","isPartOf":{"@id":"https:\/\/englishlane.net\/onlineskola\/#website"},"datePublished":"2022-09-21T09:14:43+00:00","dateModified":"2026-01-18T22:12:30+00:00","breadcrumb":{"@id":"https:\/\/englishlane.net\/onlineskola\/el-skola-prijava\/#breadcrumb"},"inLanguage":"en-US","potentialAction":[{"@type":"ReadAction","target":["https:\/\/englishlane.net\/onlineskola\/el-skola-prijava\/"]}]},{"@type":"BreadcrumbList","@id":"https:\/\/englishlane.net\/onlineskola\/el-skola-prijava\/#breadcrumb","itemListElement":[{"@type":"ListItem","position":1,"name":"Home","item":"https:\/\/englishlane.net\/onlineskola\/"},{"@type":"ListItem","position":2,"name":"English Lane \u0160kola &#8211; Kupovina \u010clanarine"}]},{"@type":"WebSite","@id":"https:\/\/englishlane.net\/onlineskola\/#website","url":"https:\/\/englishlane.net\/onlineskola\/","name":"English Lane Online \u0160kola Engleskog","description":"","publisher":{"@id":"https:\/\/englishlane.net\/onlineskola\/#organization"},"potentialAction":[{"@type":"SearchAction","target":{"@type":"EntryPoint","urlTemplate":"https:\/\/englishlane.net\/onlineskola\/?s={search_term_string}"},"query-input":{"@type":"PropertyValueSpecification","valueRequired":true,"valueName":"search_term_string"}}],"inLanguage":"en-US"},{"@type":"Organization","@id":"https:\/\/englishlane.net\/onlineskola\/#organization","name":"English Lane \u0160kola","url":"https:\/\/englishlane.net\/onlineskola\/","logo":{"@type":"ImageObject","inLanguage":"en-US","@id":"https:\/\/englishlane.net\/onlineskola\/#\/schema\/logo\/image\/","url":"https:\/\/englishlane.net\/onlineskola\/wp-content\/uploads\/2018\/11\/w-logo-el-e1542373134345.png","contentUrl":"https:\/\/englishlane.net\/onlineskola\/wp-content\/uploads\/2018\/11\/w-logo-el-e1542373134345.png","width":360,"height":81,"caption":"English Lane \u0160kola"},"image":{"@id":"https:\/\/englishlane.net\/onlineskola\/#\/schema\/logo\/image\/"}}]}},"_links":{"self":[{"href":"https:\/\/englishlane.net\/onlineskola\/wp-json\/wp\/v2\/pages\/61277","targetHints":{"allow":["GET"]}}],"collection":[{"href":"https:\/\/englishlane.net\/onlineskola\/wp-json\/wp\/v2\/pages"}],"about":[{"href":"https:\/\/englishlane.net\/onlineskola\/wp-json\/wp\/v2\/types\/page"}],"author":[{"embeddable":true,"href":"https:\/\/englishlane.net\/onlineskola\/wp-json\/wp\/v2\/users\/1"}],"replies":[{"embeddable":true,"href":"https:\/\/englishlane.net\/onlineskola\/wp-json\/wp\/v2\/comments?post=61277"}],"version-history":[{"count":12,"href":"https:\/\/englishlane.net\/onlineskola\/wp-json\/wp\/v2\/pages\/61277\/revisions"}],"predecessor-version":[{"id":68801,"href":"https:\/\/englishlane.net\/onlineskola\/wp-json\/wp\/v2\/pages\/61277\/revisions\/68801"}],"wp:attachment":[{"href":"https:\/\/englishlane.net\/onlineskola\/wp-json\/wp\/v2\/media?parent=61277"}],"curies":[{"name":"wp","href":"https:\/\/api.w.org\/{rel}","templated":true}]}}