{"id":65195,"date":"2023-08-25T11:53:04","date_gmt":"2023-08-25T09:53:04","guid":{"rendered":"https:\/\/englishlane.net\/onlineskola\/?page_id=65195"},"modified":"2023-08-25T11:53:08","modified_gmt":"2023-08-25T09:53:08","slug":"predlog-sp-ep","status":"publish","type":"page","link":"https:\/\/englishlane.net\/onlineskola\/predlog-sp-ep\/","title":{"rendered":"Priklju\u010di se!"},"content":{"rendered":"<p>[et_pb_section fb_built=&#8221;1&#8243; _builder_version=&#8221;4.22.0&#8243; _module_preset=&#8221;default&#8221; background_color=&#8221;rgba(0,0,0,0.65)&#8221; background_image=&#8221;https:\/\/englishlane.net\/onlineskola\/wp-content\/uploads\/2019\/05\/jfk_panorama_picture.jpg&#8221; background_blend=&#8221;overlay&#8221; custom_margin=&#8221;0px|0px|0px|0px&#8221; custom_padding=&#8221;0|0px|0px|0px|false|false&#8221; global_colors_info=&#8221;{}&#8221;][et_pb_row column_structure=&#8221;3_5,2_5&#8243; _builder_version=&#8221;4.22.1&#8243; _module_preset=&#8221;default&#8221; custom_padding=&#8221;||0px|||&#8221; global_colors_info=&#8221;{}&#8221;][et_pb_column type=&#8221;3_5&#8243; _builder_version=&#8221;4.22.0&#8243; _module_preset=&#8221;default&#8221; global_colors_info=&#8221;{}&#8221;][et_pb_text _builder_version=&#8221;4.22.1&#8243; _module_preset=&#8221;default&#8221; header_font=&#8221;Oswald|||on|||||&#8221; header_text_color=&#8221;#ffffff&#8221; header_font_size=&#8221;50px&#8221; header_line_height=&#8221;1.1em&#8221; width_tablet=&#8221;&#8221; width_phone=&#8221;&#8221; width_last_edited=&#8221;on|desktop&#8221; max_width=&#8221;100%&#8221; max_width_tablet=&#8221;100%&#8221; max_width_phone=&#8221;100%&#8221; max_width_last_edited=&#8221;on|desktop&#8221; module_alignment=&#8221;center&#8221; custom_margin=&#8221;|0px||0px|false|false&#8221; custom_padding=&#8221;|0px||0px|false|false&#8221; header_font_size_tablet=&#8221;26px&#8221; header_font_size_phone=&#8221;30px&#8221; header_font_size_last_edited=&#8221;off|desktop&#8221; global_colors_info=&#8221;{}&#8221;]<\/p>\n<h1 style=\"text-align: left;\">Da li ti je potrebno da krene\u0161 sa u\u010denjem engleskog od samog po\u010detka?<\/h1>\n<p>[\/et_pb_text][et_pb_icon font_icon=&#8221;&#x43;||divi||400&#8243; icon_color=&#8221;#f8a037&#8243; url=&#8221;http:\/\/link&#8221; align=&#8221;left&#8221; _builder_version=&#8221;4.22.1&#8243; _module_preset=&#8221;default&#8221; custom_margin=&#8221;0px|0px|0px|0px|false|false&#8221; custom_padding=&#8221;0px|0px|0px|0px|false|false&#8221; global_colors_info=&#8221;{}&#8221;][\/et_pb_icon][\/et_pb_column][et_pb_column type=&#8221;2_5&#8243; _builder_version=&#8221;4.22.0&#8243; _module_preset=&#8221;default&#8221; global_colors_info=&#8221;{}&#8221;][\/et_pb_column][\/et_pb_row][\/et_pb_section][et_pb_section fb_built=&#8221;1&#8243; disabled_on=&#8221;off|off|off&#8221; _builder_version=&#8221;4.22.1&#8243; _module_preset=&#8221;default&#8221; background_color=&#8221;#f7f7f7&#8243; background_enable_image=&#8221;off&#8221; custom_padding=&#8221;50px||50px||true|false&#8221; global_colors_info=&#8221;{}&#8221;][et_pb_row _builder_version=&#8221;4.22.1&#8243; _module_preset=&#8221;default&#8221; background_color=&#8221;#FFFFFF&#8221; custom_padding=&#8221;40px|40px|40px|40px|true|true&#8221; border_radii=&#8221;on|10px|10px|10px|10px&#8221; box_shadow_style=&#8221;preset1&#8243; global_colors_info=&#8221;{}&#8221;][et_pb_column type=&#8221;4_4&#8243; _builder_version=&#8221;4.22.0&#8243; _module_preset=&#8221;default&#8221; global_colors_info=&#8221;{}&#8221;][et_pb_text _builder_version=&#8221;4.22.1&#8243; text_font=&#8221;Open Sans||||||||&#8221; text_text_color=&#8221;#3C3642&#8243; header_2_font=&#8221;|600|||||||&#8221; header_2_text_color=&#8221;#3c3642&#8243; header_2_font_size=&#8221;25px&#8221; header_2_line_height=&#8221;1.3em&#8221; custom_margin_tablet=&#8221;|20px||20px||true&#8221; custom_margin_phone=&#8221;|0px||0px&#8221; custom_margin_last_edited=&#8221;on|tablet&#8221; header_2_font_size_tablet=&#8221;25px&#8221; header_2_font_size_phone=&#8221;19px&#8221; header_2_font_size_last_edited=&#8221;on|phone&#8221; locked=&#8221;off&#8221; global_colors_info=&#8221;{}&#8221;]<\/p>\n<h2>Da bi krenula sa u\u010denjem engleskog na pravi na\u010din, potreban ti je kvalitetan program, koji te vodi korak po korak. Pokaza\u0107u ti ta\u010dno \u0161ta je potrebno da nau\u010di\u0161.<\/h2>\n<h2>Kako bi volela da:<\/h2>\n<p>[\/et_pb_text][et_pb_text _builder_version=&#8221;4.22.1&#8243; text_font=&#8221;Open Sans||||||||&#8221; text_text_color=&#8221;#3C3642&#8243; header_2_font=&#8221;|600|||||||&#8221; header_2_font_size=&#8221;25px&#8221; header_2_line_height=&#8221;1.3em&#8221; custom_margin_tablet=&#8221;|20px||20px||true&#8221; custom_margin_phone=&#8221;|0px||0px&#8221; custom_margin_last_edited=&#8221;on|tablet&#8221; text_font_size_tablet=&#8221;&#8221; text_font_size_phone=&#8221;16px&#8221; text_font_size_last_edited=&#8221;on|phone&#8221; locked=&#8221;off&#8221; global_colors_info=&#8221;{}&#8221;]<\/p>\n<p><span style=\"font-weight: 400;\"><i class=\"fas fa-check\" style=\"color: #f8a037;\"><\/i> <em>Krene\u0161 od po\u010detka<\/em> i da <strong>uvek zna\u0161 ta\u010dno \u0161ta treba da u\u010di\u0161<\/strong>.<\/span><\/p>\n<p><span style=\"font-weight: 400;\"><i class=\"fas fa-check\" style=\"color: #f8a037;\"><\/i> <em>Nema o\u010dekivanog predznanja<\/em>, ve\u0107 da dobije\u0161 <strong>detaljna obja\u0161njenja kroz lekcije kao i<\/strong> <strong>pomo\u0107 profesora kada god ima\u0161 nejasno\u0107a<\/strong>.<\/span><\/p>\n<p><span style=\"font-weight: 400;\"><i class=\"fas fa-check\" style=\"color: #f8a037;\"><\/i> Osim <em>gramatike<\/em>, <strong>u\u010di\u0161 i nove re\u010di, ve\u017eba\u0161 izgovor, predloge, \u010dlanove<\/strong>&#8230; sve ono \u0161to ti je potrebno da <strong>napravi\u0161 dobru osnovu.<\/strong><\/span><\/p>\n<p><span style=\"font-weight: 400;\"><i class=\"fas fa-check\" style=\"color: #f8a037;\"><\/i> Ima\u0161 puno <em>ve\u017ebanja i zadataka<\/em> da odmah <strong>mo\u017ee\u0161 da upotrebi\u0161 sve \u0161to u\u010di\u0161<\/strong>.<\/span><\/p>\n<p><span style=\"font-weight: 400;\"><i class=\"fas fa-check\" style=\"color: #f8a037;\"><\/i> <strong>Mo\u017ee\u0161 da u\u010di\u0161 onoliko koliko je tebi potrebno da napreduje\u0161<\/strong>, i da mo\u017ee\u0161 da se vra\u0107a\u0161 na prethodne lekcije <em>bez ose\u0107aja da zaostaje\u0161 za drugima<\/em>.<\/span><\/p>\n<p><span style=\"font-weight: 400;\"><i class=\"fas fa-check\" style=\"color: #f8a037;\"><\/i> <em>Uklopi\u0161 u\u010denje<\/em> u svoje obaveze i <strong>u\u010di\u0161 u ono vreme kada tebi odgovara.<\/strong><\/span><\/p>\n<p>[\/et_pb_text][\/et_pb_column][\/et_pb_row][et_pb_row _builder_version=&#8221;4.22.1&#8243; _module_preset=&#8221;default&#8221; background_color=&#8221;#FFFFFF&#8221; custom_margin=&#8221;50px||||false|false&#8221; custom_padding=&#8221;40px|40px|40px|40px|true|true&#8221; border_radii=&#8221;on|10px|10px|10px|10px&#8221; box_shadow_style=&#8221;preset1&#8243; locked=&#8221;off&#8221; global_colors_info=&#8221;{}&#8221;][et_pb_column type=&#8221;4_4&#8243; _builder_version=&#8221;4.22.0&#8243; _module_preset=&#8221;default&#8221; global_colors_info=&#8221;{}&#8221;][et_pb_text _builder_version=&#8221;4.22.1&#8243; text_font=&#8221;Open Sans||||||||&#8221; text_text_color=&#8221;#3C3642&#8243; header_2_font=&#8221;|600|||||||&#8221; header_2_text_color=&#8221;#3c3642&#8243; header_2_font_size=&#8221;25px&#8221; header_2_line_height=&#8221;1.3em&#8221; header_2_font_size_tablet=&#8221;25px&#8221; header_2_font_size_phone=&#8221;19px&#8221; header_2_font_size_last_edited=&#8221;on|phone&#8221; locked=&#8221;off&#8221; global_colors_info=&#8221;{}&#8221;]<\/p>\n<h2>Ovde Zorana Radovi\u0107 i mogu ti pomo\u0107i ovako:<\/h2>\n<p>[\/et_pb_text][et_pb_text _builder_version=&#8221;4.22.1&#8243; text_font=&#8221;Open Sans||||||||&#8221; text_text_color=&#8221;#3C3642&#8243; header_2_font=&#8221;|600|||||||&#8221; header_2_font_size=&#8221;25px&#8221; header_2_line_height=&#8221;1.3em&#8221; text_font_size_tablet=&#8221;&#8221; text_font_size_phone=&#8221;16px&#8221; text_font_size_last_edited=&#8221;on|phone&#8221; locked=&#8221;off&#8221; global_colors_info=&#8221;{}&#8221;]<\/p>\n<p>Mnogi su u situaciji kao i ti. Bez obzira koliko godina ima\u0161, zapamti da je najte\u017ei ali i najbitniji korak krenuti sa u\u010denjem.<\/p>\n<p>Zato sam napravila jedinstveni kurs koji se zove Engleski za po\u010detnike, koji \u0107e ti pomo\u0107i da <strong>na pravi na\u010din krene\u0161 sa u\u010denjem.<\/strong> I ovaj put <em>uspe\u0161no savlada\u0161 sve osnove koje su ti neophodne za dalji napredak<\/em>.<\/p>\n<p>I ne samo to.<\/p>\n<p>Nau\u010di\u0107e\u0161 kako da <strong>u\u010di\u0161 engleski sa razumevanjem,<\/strong> jer \u0107e\u0161 sve \u0161to u\u010di\u0161 morati da upotrebi\u0161 kroz <strong>prakti\u010dne zadatke koje \u0161alje\u0161 profesoru na pregledanje<\/strong>.<\/p>\n<p>Imam vi\u0161e od 14 godina iskustva i pomogla sam do sada hiljadama polaznica koje su bile u situaciji kao \u0161to si ti sada. Pomogla sam im da prevazi\u0111u to \u0161to vide kao prepreku (ili zaborave prethodni nespe\u0161ni poku\u0161aj!) i da ovaj put <strong>zaista nau\u010de i prona\u0111u na\u010din u\u010denja koji im u potpunosti odgovara. <\/strong><\/p>\n<p>Kada se upi\u0161e\u0161 na onlajn kurs Engleski za po\u010detnike, ima\u0107e\u0161 priliku da krene\u0161 sa u\u010denjem na izuzetno organizovan na\u010din.<\/p>\n<p>Ovaj kurs \u0107e ti <strong>pokazati jasan put kako mo\u017ee\u0161 napredovati,<\/strong> i omogu\u0107iti ti ne samo da se ose\u0107a\u0161 ponosno na to \u0161to si nau\u010dila, ve\u0107 i da <em>otkrije\u0161 novu motivaciju<\/em> za dalje u\u010denje engleskog i usavr\u0161avanje.<\/p>\n<p>[\/et_pb_text][\/et_pb_column][\/et_pb_row][et_pb_row _builder_version=&#8221;4.22.1&#8243; _module_preset=&#8221;default&#8221; background_color=&#8221;#4b4f76&#8243; custom_margin=&#8221;50px||||false|false&#8221; custom_padding=&#8221;40px|40px|40px|40px|true|true&#8221; border_radii=&#8221;on|10px|10px|10px|10px&#8221; box_shadow_style=&#8221;preset1&#8243; locked=&#8221;off&#8221; global_colors_info=&#8221;{}&#8221;][et_pb_column type=&#8221;4_4&#8243; _builder_version=&#8221;4.22.0&#8243; _module_preset=&#8221;default&#8221; global_colors_info=&#8221;{}&#8221;][et_pb_text _builder_version=&#8221;4.22.1&#8243; _module_preset=&#8221;default&#8221; text_font=&#8221;Open Sans||||||||&#8221; text_text_color=&#8221;#3C3642&#8243; header_2_font=&#8221;|800|||||||&#8221; header_2_text_color=&#8221;#FFFFFF&#8221; header_2_font_size=&#8221;25px&#8221; header_2_line_height=&#8221;1.3em&#8221; header_2_font_size_tablet=&#8221;25px&#8221; header_2_font_size_phone=&#8221;19px&#8221; header_2_font_size_last_edited=&#8221;on|phone&#8221; global_colors_info=&#8221;{}&#8221;]<\/p>\n<h2 style=\"text-align: center;\">Klikni na dugme ispod da vidi\u0161 da li je kurs Engleski za po\u010detnike za tebe.<\/h2>\n<p>[\/et_pb_text][et_pb_button button_url=&#8221;https:\/\/englishlane.net\/onlineskola\/engleski-za-pocetnike\/&#8221; button_text=&#8221;Reci mi vi\u0161e o kursu&#8221; button_alignment=&#8221;center&#8221; _builder_version=&#8221;4.22.1&#8243; custom_button=&#8221;on&#8221; button_text_size=&#8221;20px&#8221; button_text_color=&#8221;#ffffff&#8221; button_bg_color=&#8221;#fca43f&#8221; button_border_width=&#8221;0px&#8221; button_letter_spacing=&#8221;2px&#8221; button_font=&#8221;Lato|900||on|||||&#8221; button_icon=&#8221;&#x24;||divi||400&#8243; button_on_hover=&#8221;off&#8221; custom_margin=&#8221;|||&#8221; custom_padding=&#8221;|40px||40px||true&#8221; button_text_size_tablet=&#8221;20px&#8221; button_text_size_phone=&#8221;16px&#8221; button_text_size_last_edited=&#8221;on|phone&#8221; locked=&#8221;off&#8221; global_colors_info=&#8221;{}&#8221; button_text_size__hover_enabled=&#8221;off&#8221; button_text_color__hover_enabled=&#8221;off&#8221; button_bg_color__hover_enabled=&#8221;off&#8221; button_border_width__hover_enabled=&#8221;off&#8221; button_border_color__hover_enabled=&#8221;off&#8221; button_border_radius__hover_enabled=&#8221;off&#8221; button_letter_spacing__hover_enabled=&#8221;off&#8221;][\/et_pb_button][\/et_pb_column][\/et_pb_row][\/et_pb_section]<\/p>\n","protected":false},"excerpt":{"rendered":"<p>Da li ti je potrebno da krene\u0161 sa u\u010denjem engleskog od samog po\u010detka?Da bi krenula sa u\u010denjem engleskog na pravi na\u010din, potreban ti je kvalitetan program, koji te vodi korak po korak. Pokaza\u0107u ti ta\u010dno \u0161ta je potrebno da nau\u010di\u0161. Kako bi volela da: Krene\u0161 od po\u010detka i da uvek zna\u0161 ta\u010dno \u0161ta treba da [&hellip;]<\/p>\n","protected":false},"author":1,"featured_media":0,"parent":0,"menu_order":0,"comment_status":"closed","ping_status":"closed","template":"","meta":{"_et_pb_use_builder":"on","_et_pb_old_content":"","_et_gb_content_width":"","footnotes":""},"class_list":["post-65195","page","type-page","status-publish","hentry"],"yoast_head":"<!-- This site is optimized with the Yoast SEO plugin v27.3 - https:\/\/yoast.com\/product\/yoast-seo-wordpress\/ -->\n<title>Priklju\u010di se! - English Lane Online \u0160kola Engleskog<\/title>\n<meta name=\"robots\" content=\"noindex, nofollow\" \/>\n<meta property=\"og:locale\" content=\"en_US\" \/>\n<meta property=\"og:type\" content=\"article\" \/>\n<meta property=\"og:title\" content=\"Priklju\u010di se! - English Lane Online \u0160kola Engleskog\" \/>\n<meta property=\"og:description\" content=\"Da li ti je potrebno da krene\u0161 sa u\u010denjem engleskog od samog po\u010detka?Da bi krenula sa u\u010denjem engleskog na pravi na\u010din, potreban ti je kvalitetan program, koji te vodi korak po korak. Pokaza\u0107u ti ta\u010dno \u0161ta je potrebno da nau\u010di\u0161. Kako bi volela da: Krene\u0161 od po\u010detka i da uvek zna\u0161 ta\u010dno \u0161ta treba da [&hellip;]\" \/>\n<meta property=\"og:url\" content=\"https:\/\/englishlane.net\/onlineskola\/predlog-sp-ep\/\" \/>\n<meta property=\"og:site_name\" content=\"English Lane Online \u0160kola Engleskog\" \/>\n<meta property=\"article:modified_time\" content=\"2023-08-25T09:53:08+00:00\" \/>\n<meta name=\"twitter:card\" content=\"summary_large_image\" \/>\n<meta name=\"twitter:label1\" content=\"Est. reading time\" \/>\n\t<meta name=\"twitter:data1\" content=\"3 minutes\" \/>\n<script type=\"application\/ld+json\" class=\"yoast-schema-graph\">{\"@context\":\"https:\\\/\\\/schema.org\",\"@graph\":[{\"@type\":\"WebPage\",\"@id\":\"https:\\\/\\\/englishlane.net\\\/onlineskola\\\/predlog-sp-ep\\\/\",\"url\":\"https:\\\/\\\/englishlane.net\\\/onlineskola\\\/predlog-sp-ep\\\/\",\"name\":\"Priklju\u010di se! - English Lane Online \u0160kola Engleskog\",\"isPartOf\":{\"@id\":\"https:\\\/\\\/englishlane.net\\\/onlineskola\\\/#website\"},\"datePublished\":\"2023-08-25T09:53:04+00:00\",\"dateModified\":\"2023-08-25T09:53:08+00:00\",\"breadcrumb\":{\"@id\":\"https:\\\/\\\/englishlane.net\\\/onlineskola\\\/predlog-sp-ep\\\/#breadcrumb\"},\"inLanguage\":\"en-US\",\"potentialAction\":[{\"@type\":\"ReadAction\",\"target\":[\"https:\\\/\\\/englishlane.net\\\/onlineskola\\\/predlog-sp-ep\\\/\"]}]},{\"@type\":\"BreadcrumbList\",\"@id\":\"https:\\\/\\\/englishlane.net\\\/onlineskola\\\/predlog-sp-ep\\\/#breadcrumb\",\"itemListElement\":[{\"@type\":\"ListItem\",\"position\":1,\"name\":\"Home\",\"item\":\"https:\\\/\\\/englishlane.net\\\/onlineskola\\\/\"},{\"@type\":\"ListItem\",\"position\":2,\"name\":\"Priklju\u010di se!\"}]},{\"@type\":\"WebSite\",\"@id\":\"https:\\\/\\\/englishlane.net\\\/onlineskola\\\/#website\",\"url\":\"https:\\\/\\\/englishlane.net\\\/onlineskola\\\/\",\"name\":\"English Lane Online \u0160kola Engleskog\",\"description\":\"\",\"publisher\":{\"@id\":\"https:\\\/\\\/englishlane.net\\\/onlineskola\\\/#organization\"},\"potentialAction\":[{\"@type\":\"SearchAction\",\"target\":{\"@type\":\"EntryPoint\",\"urlTemplate\":\"https:\\\/\\\/englishlane.net\\\/onlineskola\\\/?s={search_term_string}\"},\"query-input\":{\"@type\":\"PropertyValueSpecification\",\"valueRequired\":true,\"valueName\":\"search_term_string\"}}],\"inLanguage\":\"en-US\"},{\"@type\":\"Organization\",\"@id\":\"https:\\\/\\\/englishlane.net\\\/onlineskola\\\/#organization\",\"name\":\"English Lane \u0160kola\",\"url\":\"https:\\\/\\\/englishlane.net\\\/onlineskola\\\/\",\"logo\":{\"@type\":\"ImageObject\",\"inLanguage\":\"en-US\",\"@id\":\"https:\\\/\\\/englishlane.net\\\/onlineskola\\\/#\\\/schema\\\/logo\\\/image\\\/\",\"url\":\"https:\\\/\\\/englishlane.net\\\/onlineskola\\\/wp-content\\\/uploads\\\/2018\\\/11\\\/w-logo-el-e1542373134345.png\",\"contentUrl\":\"https:\\\/\\\/englishlane.net\\\/onlineskola\\\/wp-content\\\/uploads\\\/2018\\\/11\\\/w-logo-el-e1542373134345.png\",\"width\":360,\"height\":81,\"caption\":\"English Lane \u0160kola\"},\"image\":{\"@id\":\"https:\\\/\\\/englishlane.net\\\/onlineskola\\\/#\\\/schema\\\/logo\\\/image\\\/\"}}]}<\/script>\n<!-- \/ Yoast SEO plugin. -->","yoast_head_json":{"title":"Priklju\u010di se! - English Lane Online \u0160kola Engleskog","robots":{"index":"noindex","follow":"nofollow"},"og_locale":"en_US","og_type":"article","og_title":"Priklju\u010di se! - English Lane Online \u0160kola Engleskog","og_description":"Da li ti je potrebno da krene\u0161 sa u\u010denjem engleskog od samog po\u010detka?Da bi krenula sa u\u010denjem engleskog na pravi na\u010din, potreban ti je kvalitetan program, koji te vodi korak po korak. Pokaza\u0107u ti ta\u010dno \u0161ta je potrebno da nau\u010di\u0161. Kako bi volela da: Krene\u0161 od po\u010detka i da uvek zna\u0161 ta\u010dno \u0161ta treba da [&hellip;]","og_url":"https:\/\/englishlane.net\/onlineskola\/predlog-sp-ep\/","og_site_name":"English Lane Online \u0160kola Engleskog","article_modified_time":"2023-08-25T09:53:08+00:00","twitter_card":"summary_large_image","twitter_misc":{"Est. reading time":"3 minutes"},"schema":{"@context":"https:\/\/schema.org","@graph":[{"@type":"WebPage","@id":"https:\/\/englishlane.net\/onlineskola\/predlog-sp-ep\/","url":"https:\/\/englishlane.net\/onlineskola\/predlog-sp-ep\/","name":"Priklju\u010di se! - English Lane Online \u0160kola Engleskog","isPartOf":{"@id":"https:\/\/englishlane.net\/onlineskola\/#website"},"datePublished":"2023-08-25T09:53:04+00:00","dateModified":"2023-08-25T09:53:08+00:00","breadcrumb":{"@id":"https:\/\/englishlane.net\/onlineskola\/predlog-sp-ep\/#breadcrumb"},"inLanguage":"en-US","potentialAction":[{"@type":"ReadAction","target":["https:\/\/englishlane.net\/onlineskola\/predlog-sp-ep\/"]}]},{"@type":"BreadcrumbList","@id":"https:\/\/englishlane.net\/onlineskola\/predlog-sp-ep\/#breadcrumb","itemListElement":[{"@type":"ListItem","position":1,"name":"Home","item":"https:\/\/englishlane.net\/onlineskola\/"},{"@type":"ListItem","position":2,"name":"Priklju\u010di se!"}]},{"@type":"WebSite","@id":"https:\/\/englishlane.net\/onlineskola\/#website","url":"https:\/\/englishlane.net\/onlineskola\/","name":"English Lane Online \u0160kola Engleskog","description":"","publisher":{"@id":"https:\/\/englishlane.net\/onlineskola\/#organization"},"potentialAction":[{"@type":"SearchAction","target":{"@type":"EntryPoint","urlTemplate":"https:\/\/englishlane.net\/onlineskola\/?s={search_term_string}"},"query-input":{"@type":"PropertyValueSpecification","valueRequired":true,"valueName":"search_term_string"}}],"inLanguage":"en-US"},{"@type":"Organization","@id":"https:\/\/englishlane.net\/onlineskola\/#organization","name":"English Lane \u0160kola","url":"https:\/\/englishlane.net\/onlineskola\/","logo":{"@type":"ImageObject","inLanguage":"en-US","@id":"https:\/\/englishlane.net\/onlineskola\/#\/schema\/logo\/image\/","url":"https:\/\/englishlane.net\/onlineskola\/wp-content\/uploads\/2018\/11\/w-logo-el-e1542373134345.png","contentUrl":"https:\/\/englishlane.net\/onlineskola\/wp-content\/uploads\/2018\/11\/w-logo-el-e1542373134345.png","width":360,"height":81,"caption":"English Lane \u0160kola"},"image":{"@id":"https:\/\/englishlane.net\/onlineskola\/#\/schema\/logo\/image\/"}}]}},"_links":{"self":[{"href":"https:\/\/englishlane.net\/onlineskola\/wp-json\/wp\/v2\/pages\/65195","targetHints":{"allow":["GET"]}}],"collection":[{"href":"https:\/\/englishlane.net\/onlineskola\/wp-json\/wp\/v2\/pages"}],"about":[{"href":"https:\/\/englishlane.net\/onlineskola\/wp-json\/wp\/v2\/types\/page"}],"author":[{"embeddable":true,"href":"https:\/\/englishlane.net\/onlineskola\/wp-json\/wp\/v2\/users\/1"}],"replies":[{"embeddable":true,"href":"https:\/\/englishlane.net\/onlineskola\/wp-json\/wp\/v2\/comments?post=65195"}],"version-history":[{"count":18,"href":"https:\/\/englishlane.net\/onlineskola\/wp-json\/wp\/v2\/pages\/65195\/revisions"}],"predecessor-version":[{"id":65333,"href":"https:\/\/englishlane.net\/onlineskola\/wp-json\/wp\/v2\/pages\/65195\/revisions\/65333"}],"wp:attachment":[{"href":"https:\/\/englishlane.net\/onlineskola\/wp-json\/wp\/v2\/media?parent=65195"}],"curies":[{"name":"wp","href":"https:\/\/api.w.org\/{rel}","templated":true}]}}