{"id":67880,"date":"2025-05-20T12:01:46","date_gmt":"2025-05-20T10:01:46","guid":{"rendered":"https:\/\/englishlane.net\/onlineskola\/?page_id=67880"},"modified":"2025-05-20T12:01:49","modified_gmt":"2025-05-20T10:01:49","slug":"pristup-nalogu","status":"publish","type":"page","link":"https:\/\/englishlane.net\/onlineskola\/pristup-nalogu\/","title":{"rendered":"Pristup nalogu"},"content":{"rendered":"<p>[et_pb_section fb_built=&#8221;1&#8243; module_id=&#8221;kurseviengleskog&#8221; _builder_version=&#8221;4.27.0&#8243; _module_preset=&#8221;default&#8221; use_background_color_gradient=&#8221;on&#8221; background_color_gradient_direction=&#8221;90deg&#8221; background_color_gradient_stops=&#8221;rgba(38,144,174,0.15) 0%|rgba(248,160,55,0.15) 100%&#8221; custom_padding=&#8221;50px||50px||true|&#8221; background_enable_video_mp4_phone=&#8221;off&#8221; global_colors_info=&#8221;{}&#8221;][et_pb_row _builder_version=&#8221;4.26.0&#8243; _module_preset=&#8221;default&#8221; global_colors_info=&#8221;{}&#8221;][et_pb_column type=&#8221;4_4&#8243; _builder_version=&#8221;4.26.0&#8243; _module_preset=&#8221;default&#8221; global_colors_info=&#8221;{}&#8221;][et_pb_text _builder_version=&#8221;4.27.4&#8243; _module_preset=&#8221;default&#8221; text_font=&#8221;|300|||||||&#8221; header_3_font=&#8221;||||||||&#8221; header_3_font_size=&#8221;18px&#8221; global_colors_info=&#8221;{}&#8221;]<\/p>\n<h3 style=\"text-align: center;\">Ve\u0107 ima\u0161 \u010dlanarinu \u0161kole ili kurs i tra\u017ei\u0161 link za pristup?<\/h3>\n<p style=\"text-align: center;\"><strong><a href=\"https:\/\/program.englishlane.net\/login\/\">Za English Lane \u0161kolu klikni ovde<\/a><\/strong><\/p>\n<p style=\"text-align: center;\"><strong><a href=\"https:\/\/www.englishlane.net\/club\/\">Za English Lane \u0161kolu klikni ovde (\u010dlanovi \u0161kole upisani pre maja 2025)<\/a><\/strong><\/p>\n<p style=\"text-align: center;\"><strong><a href=\"https:\/\/program.englishlane.net\/login\/\">Za EZP kurs klikni ovde<\/a><\/strong><\/p>\n<p style=\"text-align: center;\"><strong><a href=\"https:\/\/platforma.englishlane.net\/\">Za kurs Izgovora klikni ovde<\/a><\/strong><\/p>\n<p>[\/et_pb_text][\/et_pb_column][\/et_pb_row][\/et_pb_section]<\/p>\n","protected":false},"excerpt":{"rendered":"<p>Ve\u0107 ima\u0161 \u010dlanarinu \u0161kole ili kurs i tra\u017ei\u0161 link za pristup? Za English Lane \u0161kolu klikni ovde Za English Lane \u0161kolu klikni ovde (\u010dlanovi \u0161kole upisani pre maja 2025) Za EZP kurs klikni ovde Za kurs Izgovora klikni ovde<\/p>\n","protected":false},"author":1,"featured_media":0,"parent":0,"menu_order":0,"comment_status":"closed","ping_status":"closed","template":"","meta":{"_et_pb_use_builder":"on","_et_pb_old_content":"","_et_gb_content_width":"","footnotes":""},"class_list":["post-67880","page","type-page","status-publish","hentry"],"yoast_head":"<!-- This site is optimized with the Yoast SEO plugin v27.3 - https:\/\/yoast.com\/product\/yoast-seo-wordpress\/ -->\n<title>Pristup nalogu - English Lane Online \u0160kola Engleskog<\/title>\n<meta name=\"robots\" content=\"noindex, nofollow\" \/>\n<meta property=\"og:locale\" content=\"en_US\" \/>\n<meta property=\"og:type\" content=\"article\" \/>\n<meta property=\"og:title\" content=\"Pristup nalogu - English Lane Online \u0160kola Engleskog\" \/>\n<meta property=\"og:description\" content=\"Ve\u0107 ima\u0161 \u010dlanarinu \u0161kole ili kurs i tra\u017ei\u0161 link za pristup? Za English Lane \u0161kolu klikni ovde Za English Lane \u0161kolu klikni ovde (\u010dlanovi \u0161kole upisani pre maja 2025) Za EZP kurs klikni ovde Za kurs Izgovora klikni ovde\" \/>\n<meta property=\"og:url\" content=\"https:\/\/englishlane.net\/onlineskola\/pristup-nalogu\/\" \/>\n<meta property=\"og:site_name\" content=\"English Lane Online \u0160kola Engleskog\" \/>\n<meta property=\"article:modified_time\" content=\"2025-05-20T10:01:49+00:00\" \/>\n<meta name=\"twitter:card\" content=\"summary_large_image\" \/>\n<meta name=\"twitter:label1\" content=\"Est. reading time\" \/>\n\t<meta name=\"twitter:data1\" content=\"1 minute\" \/>\n<script type=\"application\/ld+json\" class=\"yoast-schema-graph\">{\"@context\":\"https:\\\/\\\/schema.org\",\"@graph\":[{\"@type\":\"WebPage\",\"@id\":\"https:\\\/\\\/englishlane.net\\\/onlineskola\\\/pristup-nalogu\\\/\",\"url\":\"https:\\\/\\\/englishlane.net\\\/onlineskola\\\/pristup-nalogu\\\/\",\"name\":\"Pristup nalogu - English Lane Online \u0160kola Engleskog\",\"isPartOf\":{\"@id\":\"https:\\\/\\\/englishlane.net\\\/onlineskola\\\/#website\"},\"datePublished\":\"2025-05-20T10:01:46+00:00\",\"dateModified\":\"2025-05-20T10:01:49+00:00\",\"breadcrumb\":{\"@id\":\"https:\\\/\\\/englishlane.net\\\/onlineskola\\\/pristup-nalogu\\\/#breadcrumb\"},\"inLanguage\":\"en-US\",\"potentialAction\":[{\"@type\":\"ReadAction\",\"target\":[\"https:\\\/\\\/englishlane.net\\\/onlineskola\\\/pristup-nalogu\\\/\"]}]},{\"@type\":\"BreadcrumbList\",\"@id\":\"https:\\\/\\\/englishlane.net\\\/onlineskola\\\/pristup-nalogu\\\/#breadcrumb\",\"itemListElement\":[{\"@type\":\"ListItem\",\"position\":1,\"name\":\"Home\",\"item\":\"https:\\\/\\\/englishlane.net\\\/onlineskola\\\/\"},{\"@type\":\"ListItem\",\"position\":2,\"name\":\"Pristup nalogu\"}]},{\"@type\":\"WebSite\",\"@id\":\"https:\\\/\\\/englishlane.net\\\/onlineskola\\\/#website\",\"url\":\"https:\\\/\\\/englishlane.net\\\/onlineskola\\\/\",\"name\":\"English Lane Online \u0160kola Engleskog\",\"description\":\"\",\"publisher\":{\"@id\":\"https:\\\/\\\/englishlane.net\\\/onlineskola\\\/#organization\"},\"potentialAction\":[{\"@type\":\"SearchAction\",\"target\":{\"@type\":\"EntryPoint\",\"urlTemplate\":\"https:\\\/\\\/englishlane.net\\\/onlineskola\\\/?s={search_term_string}\"},\"query-input\":{\"@type\":\"PropertyValueSpecification\",\"valueRequired\":true,\"valueName\":\"search_term_string\"}}],\"inLanguage\":\"en-US\"},{\"@type\":\"Organization\",\"@id\":\"https:\\\/\\\/englishlane.net\\\/onlineskola\\\/#organization\",\"name\":\"English Lane \u0160kola\",\"url\":\"https:\\\/\\\/englishlane.net\\\/onlineskola\\\/\",\"logo\":{\"@type\":\"ImageObject\",\"inLanguage\":\"en-US\",\"@id\":\"https:\\\/\\\/englishlane.net\\\/onlineskola\\\/#\\\/schema\\\/logo\\\/image\\\/\",\"url\":\"https:\\\/\\\/englishlane.net\\\/onlineskola\\\/wp-content\\\/uploads\\\/2018\\\/11\\\/w-logo-el-e1542373134345.png\",\"contentUrl\":\"https:\\\/\\\/englishlane.net\\\/onlineskola\\\/wp-content\\\/uploads\\\/2018\\\/11\\\/w-logo-el-e1542373134345.png\",\"width\":360,\"height\":81,\"caption\":\"English Lane \u0160kola\"},\"image\":{\"@id\":\"https:\\\/\\\/englishlane.net\\\/onlineskola\\\/#\\\/schema\\\/logo\\\/image\\\/\"}}]}<\/script>\n<!-- \/ Yoast SEO plugin. -->","yoast_head_json":{"title":"Pristup nalogu - English Lane Online \u0160kola Engleskog","robots":{"index":"noindex","follow":"nofollow"},"og_locale":"en_US","og_type":"article","og_title":"Pristup nalogu - English Lane Online \u0160kola Engleskog","og_description":"Ve\u0107 ima\u0161 \u010dlanarinu \u0161kole ili kurs i tra\u017ei\u0161 link za pristup? Za English Lane \u0161kolu klikni ovde Za English Lane \u0161kolu klikni ovde (\u010dlanovi \u0161kole upisani pre maja 2025) Za EZP kurs klikni ovde Za kurs Izgovora klikni ovde","og_url":"https:\/\/englishlane.net\/onlineskola\/pristup-nalogu\/","og_site_name":"English Lane Online \u0160kola Engleskog","article_modified_time":"2025-05-20T10:01:49+00:00","twitter_card":"summary_large_image","twitter_misc":{"Est. reading time":"1 minute"},"schema":{"@context":"https:\/\/schema.org","@graph":[{"@type":"WebPage","@id":"https:\/\/englishlane.net\/onlineskola\/pristup-nalogu\/","url":"https:\/\/englishlane.net\/onlineskola\/pristup-nalogu\/","name":"Pristup nalogu - English Lane Online \u0160kola Engleskog","isPartOf":{"@id":"https:\/\/englishlane.net\/onlineskola\/#website"},"datePublished":"2025-05-20T10:01:46+00:00","dateModified":"2025-05-20T10:01:49+00:00","breadcrumb":{"@id":"https:\/\/englishlane.net\/onlineskola\/pristup-nalogu\/#breadcrumb"},"inLanguage":"en-US","potentialAction":[{"@type":"ReadAction","target":["https:\/\/englishlane.net\/onlineskola\/pristup-nalogu\/"]}]},{"@type":"BreadcrumbList","@id":"https:\/\/englishlane.net\/onlineskola\/pristup-nalogu\/#breadcrumb","itemListElement":[{"@type":"ListItem","position":1,"name":"Home","item":"https:\/\/englishlane.net\/onlineskola\/"},{"@type":"ListItem","position":2,"name":"Pristup nalogu"}]},{"@type":"WebSite","@id":"https:\/\/englishlane.net\/onlineskola\/#website","url":"https:\/\/englishlane.net\/onlineskola\/","name":"English Lane Online \u0160kola Engleskog","description":"","publisher":{"@id":"https:\/\/englishlane.net\/onlineskola\/#organization"},"potentialAction":[{"@type":"SearchAction","target":{"@type":"EntryPoint","urlTemplate":"https:\/\/englishlane.net\/onlineskola\/?s={search_term_string}"},"query-input":{"@type":"PropertyValueSpecification","valueRequired":true,"valueName":"search_term_string"}}],"inLanguage":"en-US"},{"@type":"Organization","@id":"https:\/\/englishlane.net\/onlineskola\/#organization","name":"English Lane \u0160kola","url":"https:\/\/englishlane.net\/onlineskola\/","logo":{"@type":"ImageObject","inLanguage":"en-US","@id":"https:\/\/englishlane.net\/onlineskola\/#\/schema\/logo\/image\/","url":"https:\/\/englishlane.net\/onlineskola\/wp-content\/uploads\/2018\/11\/w-logo-el-e1542373134345.png","contentUrl":"https:\/\/englishlane.net\/onlineskola\/wp-content\/uploads\/2018\/11\/w-logo-el-e1542373134345.png","width":360,"height":81,"caption":"English Lane \u0160kola"},"image":{"@id":"https:\/\/englishlane.net\/onlineskola\/#\/schema\/logo\/image\/"}}]}},"_links":{"self":[{"href":"https:\/\/englishlane.net\/onlineskola\/wp-json\/wp\/v2\/pages\/67880","targetHints":{"allow":["GET"]}}],"collection":[{"href":"https:\/\/englishlane.net\/onlineskola\/wp-json\/wp\/v2\/pages"}],"about":[{"href":"https:\/\/englishlane.net\/onlineskola\/wp-json\/wp\/v2\/types\/page"}],"author":[{"embeddable":true,"href":"https:\/\/englishlane.net\/onlineskola\/wp-json\/wp\/v2\/users\/1"}],"replies":[{"embeddable":true,"href":"https:\/\/englishlane.net\/onlineskola\/wp-json\/wp\/v2\/comments?post=67880"}],"version-history":[{"count":6,"href":"https:\/\/englishlane.net\/onlineskola\/wp-json\/wp\/v2\/pages\/67880\/revisions"}],"predecessor-version":[{"id":67887,"href":"https:\/\/englishlane.net\/onlineskola\/wp-json\/wp\/v2\/pages\/67880\/revisions\/67887"}],"wp:attachment":[{"href":"https:\/\/englishlane.net\/onlineskola\/wp-json\/wp\/v2\/media?parent=67880"}],"curies":[{"name":"wp","href":"https:\/\/api.w.org\/{rel}","templated":true}]}}