{"id":68786,"date":"2026-01-18T17:39:12","date_gmt":"2026-01-18T16:39:12","guid":{"rendered":"https:\/\/englishlane.net\/onlineskola\/?page_id=68786"},"modified":"2026-01-18T17:42:17","modified_gmt":"2026-01-18T16:42:17","slug":"el-59-m-signup","status":"publish","type":"page","link":"https:\/\/englishlane.net\/onlineskola\/el-59-m-signup\/","title":{"rendered":"English Lane \u0160kola &#8211; Kupovina Mese\u010dne \u010clanarine"},"content":{"rendered":"<p>[et_pb_section fb_built=&#8221;1&#8243; _builder_version=&#8221;4.16&#8243; background_color=&#8221;#F9F9F9&#8243; custom_padding=&#8221;0px|||||&#8221; locked=&#8221;off&#8221; global_colors_info=&#8221;{}&#8221;][et_pb_row _builder_version=&#8221;4.16&#8243; _module_preset=&#8221;default&#8221; global_colors_info=&#8221;{}&#8221;][et_pb_column type=&#8221;4_4&#8243; _builder_version=&#8221;4.16&#8243; _module_preset=&#8221;default&#8221; global_colors_info=&#8221;{}&#8221;][et_pb_image src=&#8221;https:\/\/englishlane.net\/onlineskola\/wp-content\/uploads\/2018\/11\/w-logo-el-e1542373134345.png&#8221; title_text=&#8221;w-logo-el&#8221; align=&#8221;center&#8221; _builder_version=&#8221;4.16&#8243; _module_preset=&#8221;default&#8221; global_colors_info=&#8221;{}&#8221;][\/et_pb_image][et_pb_text _builder_version=&#8221;4.16&#8243; _module_preset=&#8221;default&#8221; global_colors_info=&#8221;{}&#8221;]<\/p>\n<p style=\"text-align: center;\"><strong>Treba ti pomo\u0107?<\/strong> Po\u0161alji imejl na <a href=\"mailto:kontakt@englishlane.net\">kontakt@englishlane.net<\/a><\/p>\n<p>[\/et_pb_text][\/et_pb_column][\/et_pb_row][et_pb_row column_structure=&#8221;1_2,1_2&#8243; _builder_version=&#8221;4.16&#8243; _module_preset=&#8221;default&#8221; global_colors_info=&#8221;{}&#8221;][et_pb_column type=&#8221;1_2&#8243; _builder_version=&#8221;4.16&#8243; _module_preset=&#8221;default&#8221; global_colors_info=&#8221;{}&#8221;][et_pb_text _builder_version=&#8221;4.27.5&#8243; background_color=&#8221;#ffffff&#8221; custom_padding=&#8221;15px|15px|15px|15px|false|false&#8221; border_radii=&#8221;on|10px|10px|10px|10px&#8221; global_colors_info=&#8221;{}&#8221;]<\/p>\n<h3>Popuni prijavni formular <i class=\"far fa-hand-point-down\"><\/i><\/h3>\n<div class=\"_form_155\"><\/div>\n<p><script src=\"https:\/\/englishlane.activehosted.com\/f\/embed.php?id=155\" charset=\"utf-8\"><\/script><br \/>\n<script>\n  fbq('track', 'AddToCart', {\n    value: 0,\n    currency: 'USD',\n    content_ids: 'EL_Clanarina_Cart_Page',\n    content_type: 'Product',\n  });\n<\/script>[\/et_pb_text][\/et_pb_column][et_pb_column type=&#8221;1_2&#8243; _builder_version=&#8221;4.16&#8243; _module_preset=&#8221;default&#8221; global_colors_info=&#8221;{}&#8221;][et_pb_text _builder_version=&#8221;4.27.5&#8243; _module_preset=&#8221;default&#8221; header_4_font_size=&#8221;14px&#8221; background_color=&#8221;#FFFFFF&#8221; custom_padding=&#8221;15px|15px|15px|15px|true|true&#8221; border_radii=&#8221;on|10px|10px|10px|10px&#8221; border_style_all=&#8221;dashed&#8221; global_colors_info=&#8221;{}&#8221;]<\/p>\n<h2 style=\"text-align: center;\">English Lane mese\u010dna \u010dlanarina<\/h2>\n<p style=\"text-align: center;\"><strong>Cena:<\/strong> 5999 RSD prvi mesec, posle 5000 RSD (~43 EUR) mese\u010dno<\/p>\n<p style=\"text-align: center;\"><strong>Bez obaveze obnove \u010dlanarine.<\/strong><\/p>\n<h5 style=\"text-align: center;\"><img loading=\"lazy\" decoding=\"async\" class=\"wp-image-54018 alignnone size-medium\" src=\"https:\/\/englishlane.net\/onlineskola\/wp-content\/uploads\/2019\/05\/English-Lane-Devices-Mockups-300x135.jpg\" alt=\"\" width=\"300\" height=\"135\" srcset=\"https:\/\/englishlane.net\/onlineskola\/wp-content\/uploads\/2019\/05\/English-Lane-Devices-Mockups-300x135.jpg 300w, https:\/\/englishlane.net\/onlineskola\/wp-content\/uploads\/2019\/05\/English-Lane-Devices-Mockups-768x347.jpg 768w, https:\/\/englishlane.net\/onlineskola\/wp-content\/uploads\/2019\/05\/English-Lane-Devices-Mockups-1024x462.jpg 1024w, https:\/\/englishlane.net\/onlineskola\/wp-content\/uploads\/2019\/05\/English-Lane-Devices-Mockups-1080x488.jpg 1080w, https:\/\/englishlane.net\/onlineskola\/wp-content\/uploads\/2019\/05\/English-Lane-Devices-Mockups-610x275.jpg 610w, https:\/\/englishlane.net\/onlineskola\/wp-content\/uploads\/2019\/05\/English-Lane-Devices-Mockups.jpg 1269w\" sizes=\"(max-width: 300px) 100vw, 300px\" \/><\/h5>\n<h4 style=\"text-align: center;\">Napomena: popust za u\u010denje u \u0161koli i obnove \u010dlanarine po ceni od 5000 RSD (~43 EUR) ostvaruje\u0161 ukoliko redovno obnavlja\u0161 svoju \u010dlanarinu.<\/h4>\n<h4 style=\"text-align: center;\"><strong>Ne postoji obaveza da obnovi\u0161 svoju \u010dlanarinu ukoliko ne \u017eeli\u0161 nastaviti sa u\u010denjem narednog meseca, nisu u pitanju automatski obnavljaju\u0107a pla\u0107anja.<\/strong><\/h4>\n<h4 style=\"text-align: center;\">Trenutno je otvoren je upis na program namenjen odraslim polaznicama \ud83d\udc69.<\/h4>\n<p>[\/et_pb_text][et_pb_text _builder_version=&#8221;4.16&#8243; _module_preset=&#8221;default&#8221; background_color=&#8221;#FFFFFF&#8221; custom_padding=&#8221;15px|15px|15px|15px|true|true&#8221; border_radii=&#8221;on|10px|10px|10px|10px&#8221; border_style_all=&#8221;dashed&#8221; global_colors_info=&#8221;{}&#8221;]<i class=\"fas fa-check-square\" style=\"color: #3bbbbe;\"><\/i> Pristup platformi za u\u010denje engleskog jezika (u bilo koje doba dana ili no\u0107i) tokom trajanja \u010dlanarine<\/p>\n<p><i class=\"fas fa-check-square\" style=\"color: #3bbbbe;\"><\/i> Pristup dodeljenom kursu nakon testiranja kao i narednim kursevima u skladu sa programom<\/p>\n<p><i class=\"fas fa-check-square\" style=\"color: #3bbbbe;\"><\/i> Mogu\u0107nost u\u010de\u0161\u0107a na grupnim onlajn radionicama<\/p>\n<p><i class=\"fas fa-check-square\" style=\"color: #3bbbbe;\"><\/i> Mogu\u0107nost u\u010de\u0161\u0107a na grupnim onlajn \u010dasovima konverzacije<\/p>\n<p><i class=\"fas fa-check-square\" style=\"color: #3bbbbe;\"><\/i> Pristup kolekciji radionica<\/p>\n<p><i class=\"fas fa-check-square\" style=\"color: #3bbbbe;\"><\/i> Pristup dodatnim materijalima za u\u010denje (150+ lekcija i ve\u017ebanja)<\/p>\n<p><i class=\"fas fa-check-square\" style=\"color: #3bbbbe;\"><\/i> Rani pristup podkast epizodama i povezanim aktivnostima<\/p>\n<p><i class=\"fas fa-check-square\" style=\"color: #3bbbbe;\"><\/i> Podr\u0161ka od strane profesora, pregledanje zadataka kao i pomo\u0107 u planiranju u\u010denja i organizaciji<br \/>\n[\/et_pb_text][\/et_pb_column][\/et_pb_row][et_pb_row column_structure=&#8221;3_5,2_5&#8243; _builder_version=&#8221;4.16&#8243; _module_preset=&#8221;default&#8221; global_colors_info=&#8221;{}&#8221;][et_pb_column type=&#8221;3_5&#8243; _builder_version=&#8221;4.16&#8243; _module_preset=&#8221;default&#8221; global_colors_info=&#8221;{}&#8221;][et_pb_image src=&#8221;https:\/\/englishlane.net\/onlineskola\/wp-content\/uploads\/2021\/10\/Ana_censored.jpeg&#8221; title_text=&#8221;Ana_censored&#8221; _builder_version=&#8221;4.16&#8243; _module_preset=&#8221;default&#8221; global_colors_info=&#8221;{}&#8221;][\/et_pb_image][et_pb_image src=&#8221;https:\/\/englishlane.net\/onlineskola\/wp-content\/uploads\/2021\/10\/Mirjana1_censored.jpeg&#8221; title_text=&#8221;Mirjana1_censored&#8221; align=&#8221;right&#8221; _builder_version=&#8221;4.16&#8243; _module_preset=&#8221;default&#8221; global_colors_info=&#8221;{}&#8221;][\/et_pb_image][et_pb_image src=&#8221;https:\/\/englishlane.net\/onlineskola\/wp-content\/uploads\/2021\/10\/Vesna_censored.jpeg&#8221; title_text=&#8221;Vesna_censored&#8221; _builder_version=&#8221;4.16&#8243; _module_preset=&#8221;default&#8221; global_colors_info=&#8221;{}&#8221;][\/et_pb_image][et_pb_image src=&#8221;https:\/\/englishlane.net\/onlineskola\/wp-content\/uploads\/2021\/10\/Zana_censored.jpeg&#8221; title_text=&#8221;Zana_censored&#8221; align=&#8221;right&#8221; _builder_version=&#8221;4.16&#8243; _module_preset=&#8221;default&#8221; global_colors_info=&#8221;{}&#8221;][\/et_pb_image][\/et_pb_column][et_pb_column type=&#8221;2_5&#8243; _builder_version=&#8221;4.16&#8243; _module_preset=&#8221;default&#8221; global_colors_info=&#8221;{}&#8221;][et_pb_accordion icon_color=&#8221;#3bbcbe&#8221; use_icon_font_size=&#8221;on&#8221; icon_font_size=&#8221;24px&#8221; _builder_version=&#8221;4.16&#8243; _module_preset=&#8221;default&#8221; toggle_font=&#8221;|600|||||||&#8221; toggle_font_size=&#8221;20px&#8221; locked=&#8221;off&#8221; global_colors_info=&#8221;{}&#8221;][et_pb_accordion_item title=&#8221;Koliko dugo moram da budem \u010dlan \u0161kole?&#8221; open=&#8221;on&#8221; _builder_version=&#8221;4.16&#8243; _module_preset=&#8221;default&#8221; custom_margin=&#8221;0px||0px||false|false&#8221; global_colors_info=&#8221;{}&#8221;]\u010clan \u0161kole mo\u017ee\u0161 biti koliko \u017eeli\u0161, dok god si ti zainteresovana za u\u010denje a \u0161kola ti poma\u017ee u tome. \u010clanarina se pla\u0107a unapred za period u kom \u0107e\u0161 u\u010diti.<br \/>\n[\/et_pb_accordion_item][et_pb_accordion_item title=&#8221;Koji kurs da izaberem?&#8221; _builder_version=&#8221;4.16&#8243; _module_preset=&#8221;default&#8221; custom_margin=&#8221;0px||0px||false|false&#8221; global_colors_info=&#8221;{}&#8221; open=&#8221;off&#8221;]Prilikom upisa u English Lane \u0161kolu, ne bira\u0161 kurs, ve\u0107 se prijavljuje\u0161 da postane\u0161 \u010dlan \u0161kole.<\/p>\n<p>Nakon \u0161to postane\u0161 \u010dlan \u0161kole, uradi\u0107e\u0161 uvodne zadatke. Zatim \u0107e ti biti dodeljen kurs koji odgovara tvom trenutnom nivou znanja. Ukoliko si prethodno poha\u0111ala kurs Engleski za po\u010detnike ili bila \u010dlan \u0161kole, nastavlja\u0161 sa u\u010denjem tamo gde si stala. Dobi\u0107e\u0161 informaciju gde ta\u010dno nastavlja\u0161 sa u\u010denjem na kursu koji \u0107e ti biti dodeljen.<\/p>\n<p>Osim glavnog kursa koji \u0107e\u0161 poha\u0111ati, dobi\u0107e\u0161 pristup i dodatnim materijalima za u\u010denje, radionicama i ostalim sadr\u017eajima namenjenim za onda kada ima\u0161 vi\u0161e vremena za u\u010denje.<br \/>\n[\/et_pb_accordion_item][et_pb_accordion_item title=&#8221;Kako mogu da produ\u017eim \u010dlanarinu?&#8221; _builder_version=&#8221;4.16&#8243; _module_preset=&#8221;default&#8221; custom_margin=&#8221;0px||0px||false|false&#8221; global_colors_info=&#8221;{}&#8221; open=&#8221;off&#8221;]Ukoliko \u017eeli\u0161 da nastavi\u0161 u\u010denje, neophodno je da produ\u017ei\u0161 svoju \u010dlanarinu nekoliko dana pre isteka \u010dlanarine. Dobi\u0107e\u0161 sve instrukcije i na taj na\u010din izbe\u0107i \u0107e\u0161 prekid u u\u010denju.<\/p>\n<p>Popust za redovne \u010dlanove i mesto u \u0161koli osigurava\u0161 redovnim obnavljanjem svoje \u010dlanarine.<br \/>\n[\/et_pb_accordion_item][et_pb_accordion_item title=&#8221;\u0160ta mi je potrebno da bih poha\u0111ala kurs u \u0161koli?&#8221; _builder_version=&#8221;4.16&#8243; _module_preset=&#8221;default&#8221; custom_margin=&#8221;0px||0px||false|false&#8221; global_colors_info=&#8221;{}&#8221; open=&#8221;off&#8221;]<\/p>\n<ul>\n<li>Internet konekcija<\/li>\n<li>Mikrofon, odnosno slu\u0161alice sa mikrofonom na ra\u010dunaru ili mobilnom ure\u0111aju za snimanje zadataka \u010ditanja<\/li>\n<li>Vreme da u\u010di\u0161<\/li>\n<li>\u017delja za u\u010denjem<\/li>\n<\/ul>\n<p>[\/et_pb_accordion_item][et_pb_accordion_item title=&#8221;Kada dobijam pristup?&#8221; _builder_version=&#8221;4.16&#8243; _module_preset=&#8221;default&#8221; custom_margin=&#8221;0px||0px||false|false&#8221; global_colors_info=&#8221;{}&#8221; open=&#8221;off&#8221;]Pristup \u0161koli dobija\u0161 \u010dim se tvoja uplata evidentira. Uplate su evidentirane obi\u010dno istog ili narednog radnog dana po izvr\u0161enju iste.<\/p>\n<p>Sve informacije kako mo\u017ee\u0161 zapo\u010deti u\u010denje, odnosno gde nastavlja\u0161 sa u\u010denjem dobi\u0107e\u0161 preko imejla kada tvoj nalog bude aktiviran.<br \/>\n[\/et_pb_accordion_item][et_pb_accordion_item title=&#8221;\u0160ta ako ne mogu da u\u010dim svaki dan?&#8221; _builder_version=&#8221;4.16&#8243; _module_preset=&#8221;default&#8221; custom_margin=&#8221;0px||0px||false|false&#8221; global_colors_info=&#8221;{}&#8221; open=&#8221;off&#8221;]U\u010di\u0161 u ono vreme kada tebi odgovara tokom trajanja tvoje \u010dlanarine.<\/p>\n<p>Svaki kurs ima odre\u0111eni program po kome se u\u010di i koji je potrebno da isprati\u0161 ukoliko \u017eeli\u0161 da ostvari\u0161 najbolje rezultate. Ali ti mo\u017ee\u0161 podeliti u\u010denje u dve\/tri celine nedeljno, i tada uraditi sve \u0161to je potrebno za tu nedelju po programu kursa.<\/p>\n<p>Mo\u017ee\u0161 u\u010diti i sporije od predvi\u0111enog programa, ukoliko ti obaveze ne dozvoljavaju da se posveti\u0161 u\u010denju o odre\u0111enim periodima.<br \/>\n[\/et_pb_accordion_item][et_pb_accordion_item title=&#8221;Koliko \u010dasova dobijam i kada se odr\u017eavaju?&#8221; _builder_version=&#8221;4.16&#8243; _module_preset=&#8221;default&#8221; custom_margin=&#8221;0px||0px||false|false&#8221; global_colors_info=&#8221;{}&#8221; open=&#8221;off&#8221;]U\u010denje u \u0161koli se ne realizuje kroz onlajn \u010dasove. U\u010di se putem na\u0161e onlajn platforme za u\u010denje, gde \u0107e\u0161 dobiti pristup svim sadr\u017eajima koji su ti potrebni za kvalitetno u\u010denje.<\/p>\n<p>Kao \u010dlan \u0161kole ima\u0107e\u0161 i priliku da prisustvuje\u0161 radionicama u\u017eivo kao i \u010dasovima konverzacije koji se redovno odr\u017eavaju.<br \/>\n[\/et_pb_accordion_item][et_pb_accordion_item title=&#8221;Da li dobijam sertifikat?&#8221; _builder_version=&#8221;4.16&#8243; _module_preset=&#8221;default&#8221; custom_margin=&#8221;0px||0px||false|false&#8221; global_colors_info=&#8221;{}&#8221; open=&#8221;off&#8221;]Sertifikat se ne dobija. Smatramo da papir sam po sebi ne zna\u010di ni\u0161ta, ukoliko ne zna\u0161 da to znanje primeni\u0161. Na\u0161 cilj je da ti pomognemo da nau\u010di\u0161 da pri\u010da\u0161 na engleskom.<br \/>\n[\/et_pb_accordion_item][\/et_pb_accordion][\/et_pb_column][\/et_pb_row][\/et_pb_section]<\/p>\n","protected":false},"excerpt":{"rendered":"<p>Treba ti pomo\u0107? Po\u0161alji imejl na kontakt@englishlane.net Popuni prijavni formular English Lane mese\u010dna \u010dlanarina Cena: 5999 RSD prvi mesec, posle 5000 RSD (~43 EUR) mese\u010dno Bez obaveze obnove \u010dlanarine. Napomena: popust za u\u010denje u \u0161koli i obnove \u010dlanarine po ceni od 5000 RSD (~43 EUR) ostvaruje\u0161 ukoliko redovno obnavlja\u0161 svoju \u010dlanarinu. Ne postoji obaveza da [&hellip;]<\/p>\n","protected":false},"author":1,"featured_media":0,"parent":0,"menu_order":0,"comment_status":"closed","ping_status":"closed","template":"page-template-blank.php","meta":{"_et_pb_use_builder":"on","_et_pb_old_content":"","_et_gb_content_width":"","footnotes":""},"class_list":["post-68786","page","type-page","status-publish","hentry"],"yoast_head":"<!-- This site is optimized with the Yoast SEO plugin v27.3 - https:\/\/yoast.com\/product\/yoast-seo-wordpress\/ -->\n<title>English Lane \u0160kola - Kupovina Mese\u010dne \u010clanarine - English Lane Online \u0160kola Engleskog<\/title>\n<meta name=\"robots\" content=\"noindex, nofollow\" \/>\n<meta property=\"og:locale\" content=\"en_US\" \/>\n<meta property=\"og:type\" content=\"article\" \/>\n<meta property=\"og:title\" content=\"English Lane \u0160kola - Kupovina Mese\u010dne \u010clanarine - English Lane Online \u0160kola Engleskog\" \/>\n<meta property=\"og:description\" content=\"Treba ti pomo\u0107? Po\u0161alji imejl na kontakt@englishlane.net Popuni prijavni formular English Lane mese\u010dna \u010dlanarina Cena: 5999 RSD prvi mesec, posle 5000 RSD (~43 EUR) mese\u010dno Bez obaveze obnove \u010dlanarine. Napomena: popust za u\u010denje u \u0161koli i obnove \u010dlanarine po ceni od 5000 RSD (~43 EUR) ostvaruje\u0161 ukoliko redovno obnavlja\u0161 svoju \u010dlanarinu. Ne postoji obaveza da [&hellip;]\" \/>\n<meta property=\"og:url\" content=\"https:\/\/englishlane.net\/onlineskola\/el-59-m-signup\/\" \/>\n<meta property=\"og:site_name\" content=\"English Lane Online \u0160kola Engleskog\" \/>\n<meta property=\"article:modified_time\" content=\"2026-01-18T16:42:17+00:00\" \/>\n<meta property=\"og:image\" content=\"https:\/\/englishlane.net\/onlineskola\/wp-content\/uploads\/2019\/05\/English-Lane-Devices-Mockups-300x135.jpg\" \/>\n<meta name=\"twitter:card\" content=\"summary_large_image\" \/>\n<meta name=\"twitter:label1\" content=\"Est. reading time\" \/>\n\t<meta name=\"twitter:data1\" content=\"4 minutes\" \/>\n<script type=\"application\/ld+json\" class=\"yoast-schema-graph\">{\"@context\":\"https:\\\/\\\/schema.org\",\"@graph\":[{\"@type\":\"WebPage\",\"@id\":\"https:\\\/\\\/englishlane.net\\\/onlineskola\\\/el-59-m-signup\\\/\",\"url\":\"https:\\\/\\\/englishlane.net\\\/onlineskola\\\/el-59-m-signup\\\/\",\"name\":\"English Lane \u0160kola - Kupovina Mese\u010dne \u010clanarine - English Lane Online \u0160kola Engleskog\",\"isPartOf\":{\"@id\":\"https:\\\/\\\/englishlane.net\\\/onlineskola\\\/#website\"},\"primaryImageOfPage\":{\"@id\":\"https:\\\/\\\/englishlane.net\\\/onlineskola\\\/el-59-m-signup\\\/#primaryimage\"},\"image\":{\"@id\":\"https:\\\/\\\/englishlane.net\\\/onlineskola\\\/el-59-m-signup\\\/#primaryimage\"},\"thumbnailUrl\":\"https:\\\/\\\/englishlane.net\\\/onlineskola\\\/wp-content\\\/uploads\\\/2019\\\/05\\\/English-Lane-Devices-Mockups-300x135.jpg\",\"datePublished\":\"2026-01-18T16:39:12+00:00\",\"dateModified\":\"2026-01-18T16:42:17+00:00\",\"breadcrumb\":{\"@id\":\"https:\\\/\\\/englishlane.net\\\/onlineskola\\\/el-59-m-signup\\\/#breadcrumb\"},\"inLanguage\":\"en-US\",\"potentialAction\":[{\"@type\":\"ReadAction\",\"target\":[\"https:\\\/\\\/englishlane.net\\\/onlineskola\\\/el-59-m-signup\\\/\"]}]},{\"@type\":\"ImageObject\",\"inLanguage\":\"en-US\",\"@id\":\"https:\\\/\\\/englishlane.net\\\/onlineskola\\\/el-59-m-signup\\\/#primaryimage\",\"url\":\"https:\\\/\\\/englishlane.net\\\/onlineskola\\\/wp-content\\\/uploads\\\/2019\\\/05\\\/English-Lane-Devices-Mockups.jpg\",\"contentUrl\":\"https:\\\/\\\/englishlane.net\\\/onlineskola\\\/wp-content\\\/uploads\\\/2019\\\/05\\\/English-Lane-Devices-Mockups.jpg\",\"width\":1269,\"height\":573},{\"@type\":\"BreadcrumbList\",\"@id\":\"https:\\\/\\\/englishlane.net\\\/onlineskola\\\/el-59-m-signup\\\/#breadcrumb\",\"itemListElement\":[{\"@type\":\"ListItem\",\"position\":1,\"name\":\"Home\",\"item\":\"https:\\\/\\\/englishlane.net\\\/onlineskola\\\/\"},{\"@type\":\"ListItem\",\"position\":2,\"name\":\"English Lane \u0160kola &#8211; Kupovina Mese\u010dne \u010clanarine\"}]},{\"@type\":\"WebSite\",\"@id\":\"https:\\\/\\\/englishlane.net\\\/onlineskola\\\/#website\",\"url\":\"https:\\\/\\\/englishlane.net\\\/onlineskola\\\/\",\"name\":\"English Lane Online \u0160kola Engleskog\",\"description\":\"\",\"publisher\":{\"@id\":\"https:\\\/\\\/englishlane.net\\\/onlineskola\\\/#organization\"},\"potentialAction\":[{\"@type\":\"SearchAction\",\"target\":{\"@type\":\"EntryPoint\",\"urlTemplate\":\"https:\\\/\\\/englishlane.net\\\/onlineskola\\\/?s={search_term_string}\"},\"query-input\":{\"@type\":\"PropertyValueSpecification\",\"valueRequired\":true,\"valueName\":\"search_term_string\"}}],\"inLanguage\":\"en-US\"},{\"@type\":\"Organization\",\"@id\":\"https:\\\/\\\/englishlane.net\\\/onlineskola\\\/#organization\",\"name\":\"English Lane \u0160kola\",\"url\":\"https:\\\/\\\/englishlane.net\\\/onlineskola\\\/\",\"logo\":{\"@type\":\"ImageObject\",\"inLanguage\":\"en-US\",\"@id\":\"https:\\\/\\\/englishlane.net\\\/onlineskola\\\/#\\\/schema\\\/logo\\\/image\\\/\",\"url\":\"https:\\\/\\\/englishlane.net\\\/onlineskola\\\/wp-content\\\/uploads\\\/2018\\\/11\\\/w-logo-el-e1542373134345.png\",\"contentUrl\":\"https:\\\/\\\/englishlane.net\\\/onlineskola\\\/wp-content\\\/uploads\\\/2018\\\/11\\\/w-logo-el-e1542373134345.png\",\"width\":360,\"height\":81,\"caption\":\"English Lane \u0160kola\"},\"image\":{\"@id\":\"https:\\\/\\\/englishlane.net\\\/onlineskola\\\/#\\\/schema\\\/logo\\\/image\\\/\"}}]}<\/script>\n<!-- \/ Yoast SEO plugin. -->","yoast_head_json":{"title":"English Lane \u0160kola - Kupovina Mese\u010dne \u010clanarine - English Lane Online \u0160kola Engleskog","robots":{"index":"noindex","follow":"nofollow"},"og_locale":"en_US","og_type":"article","og_title":"English Lane \u0160kola - Kupovina Mese\u010dne \u010clanarine - English Lane Online \u0160kola Engleskog","og_description":"Treba ti pomo\u0107? Po\u0161alji imejl na kontakt@englishlane.net Popuni prijavni formular English Lane mese\u010dna \u010dlanarina Cena: 5999 RSD prvi mesec, posle 5000 RSD (~43 EUR) mese\u010dno Bez obaveze obnove \u010dlanarine. Napomena: popust za u\u010denje u \u0161koli i obnove \u010dlanarine po ceni od 5000 RSD (~43 EUR) ostvaruje\u0161 ukoliko redovno obnavlja\u0161 svoju \u010dlanarinu. Ne postoji obaveza da [&hellip;]","og_url":"https:\/\/englishlane.net\/onlineskola\/el-59-m-signup\/","og_site_name":"English Lane Online \u0160kola Engleskog","article_modified_time":"2026-01-18T16:42:17+00:00","og_image":[{"url":"https:\/\/englishlane.net\/onlineskola\/wp-content\/uploads\/2019\/05\/English-Lane-Devices-Mockups-300x135.jpg","type":"","width":"","height":""}],"twitter_card":"summary_large_image","twitter_misc":{"Est. reading time":"4 minutes"},"schema":{"@context":"https:\/\/schema.org","@graph":[{"@type":"WebPage","@id":"https:\/\/englishlane.net\/onlineskola\/el-59-m-signup\/","url":"https:\/\/englishlane.net\/onlineskola\/el-59-m-signup\/","name":"English Lane \u0160kola - Kupovina Mese\u010dne \u010clanarine - English Lane Online \u0160kola Engleskog","isPartOf":{"@id":"https:\/\/englishlane.net\/onlineskola\/#website"},"primaryImageOfPage":{"@id":"https:\/\/englishlane.net\/onlineskola\/el-59-m-signup\/#primaryimage"},"image":{"@id":"https:\/\/englishlane.net\/onlineskola\/el-59-m-signup\/#primaryimage"},"thumbnailUrl":"https:\/\/englishlane.net\/onlineskola\/wp-content\/uploads\/2019\/05\/English-Lane-Devices-Mockups-300x135.jpg","datePublished":"2026-01-18T16:39:12+00:00","dateModified":"2026-01-18T16:42:17+00:00","breadcrumb":{"@id":"https:\/\/englishlane.net\/onlineskola\/el-59-m-signup\/#breadcrumb"},"inLanguage":"en-US","potentialAction":[{"@type":"ReadAction","target":["https:\/\/englishlane.net\/onlineskola\/el-59-m-signup\/"]}]},{"@type":"ImageObject","inLanguage":"en-US","@id":"https:\/\/englishlane.net\/onlineskola\/el-59-m-signup\/#primaryimage","url":"https:\/\/englishlane.net\/onlineskola\/wp-content\/uploads\/2019\/05\/English-Lane-Devices-Mockups.jpg","contentUrl":"https:\/\/englishlane.net\/onlineskola\/wp-content\/uploads\/2019\/05\/English-Lane-Devices-Mockups.jpg","width":1269,"height":573},{"@type":"BreadcrumbList","@id":"https:\/\/englishlane.net\/onlineskola\/el-59-m-signup\/#breadcrumb","itemListElement":[{"@type":"ListItem","position":1,"name":"Home","item":"https:\/\/englishlane.net\/onlineskola\/"},{"@type":"ListItem","position":2,"name":"English Lane \u0160kola &#8211; Kupovina Mese\u010dne \u010clanarine"}]},{"@type":"WebSite","@id":"https:\/\/englishlane.net\/onlineskola\/#website","url":"https:\/\/englishlane.net\/onlineskola\/","name":"English Lane Online \u0160kola Engleskog","description":"","publisher":{"@id":"https:\/\/englishlane.net\/onlineskola\/#organization"},"potentialAction":[{"@type":"SearchAction","target":{"@type":"EntryPoint","urlTemplate":"https:\/\/englishlane.net\/onlineskola\/?s={search_term_string}"},"query-input":{"@type":"PropertyValueSpecification","valueRequired":true,"valueName":"search_term_string"}}],"inLanguage":"en-US"},{"@type":"Organization","@id":"https:\/\/englishlane.net\/onlineskola\/#organization","name":"English Lane \u0160kola","url":"https:\/\/englishlane.net\/onlineskola\/","logo":{"@type":"ImageObject","inLanguage":"en-US","@id":"https:\/\/englishlane.net\/onlineskola\/#\/schema\/logo\/image\/","url":"https:\/\/englishlane.net\/onlineskola\/wp-content\/uploads\/2018\/11\/w-logo-el-e1542373134345.png","contentUrl":"https:\/\/englishlane.net\/onlineskola\/wp-content\/uploads\/2018\/11\/w-logo-el-e1542373134345.png","width":360,"height":81,"caption":"English Lane \u0160kola"},"image":{"@id":"https:\/\/englishlane.net\/onlineskola\/#\/schema\/logo\/image\/"}}]}},"_links":{"self":[{"href":"https:\/\/englishlane.net\/onlineskola\/wp-json\/wp\/v2\/pages\/68786","targetHints":{"allow":["GET"]}}],"collection":[{"href":"https:\/\/englishlane.net\/onlineskola\/wp-json\/wp\/v2\/pages"}],"about":[{"href":"https:\/\/englishlane.net\/onlineskola\/wp-json\/wp\/v2\/types\/page"}],"author":[{"embeddable":true,"href":"https:\/\/englishlane.net\/onlineskola\/wp-json\/wp\/v2\/users\/1"}],"replies":[{"embeddable":true,"href":"https:\/\/englishlane.net\/onlineskola\/wp-json\/wp\/v2\/comments?post=68786"}],"version-history":[{"count":4,"href":"https:\/\/englishlane.net\/onlineskola\/wp-json\/wp\/v2\/pages\/68786\/revisions"}],"predecessor-version":[{"id":68790,"href":"https:\/\/englishlane.net\/onlineskola\/wp-json\/wp\/v2\/pages\/68786\/revisions\/68790"}],"wp:attachment":[{"href":"https:\/\/englishlane.net\/onlineskola\/wp-json\/wp\/v2\/media?parent=68786"}],"curies":[{"name":"wp","href":"https:\/\/api.w.org\/{rel}","templated":true}]}}